{"id":128,"date":"2026-02-26T03:22:29","date_gmt":"2026-02-26T03:22:29","guid":{"rendered":"https:\/\/www.scits.com\/de\/?page_id=128"},"modified":"2026-03-30T21:56:00","modified_gmt":"2026-03-30T21:56:00","slug":"reisen-nach-china","status":"publish","type":"page","link":"https:\/\/www.scits.com\/de\/reisen-nach-china\/","title":{"rendered":"Internationale G\u00e4ste"},"content":{"rendered":"\t\t<div data-elementor-type=\"wp-page\" data-elementor-id=\"128\" class=\"elementor elementor-128\" data-elementor-post-type=\"page\">\n\t\t\t\t<div data-ekitparallax=\"{&quot;ekit_section_parallax_bg&quot;:&quot;yes&quot;,&quot;ekit_section_parallax_bg_speed&quot;:&quot;0.7&quot;,&quot;elementor_lazy_load&quot;:&quot;1&quot;}\" class=\"elementor-element elementor-element-f635e3e e-flex e-con-boxed e-con e-parent\" data-id=\"f635e3e\" data-element_type=\"container\" data-e-type=\"container\" data-settings=\"{&quot;background_background&quot;:&quot;classic&quot;,&quot;background_motion_fx_devices&quot;:[&quot;desktop&quot;,&quot;laptop&quot;,&quot;tablet_extra&quot;,&quot;tablet&quot;,&quot;mobile_extra&quot;,&quot;mobile&quot;],&quot;background_motion_fx_motion_fx_scrolling&quot;:&quot;yes&quot;,&quot;background_motion_fx_translateY_effect&quot;:&quot;yes&quot;,&quot;background_motion_fx_translateY_speed&quot;:{&quot;unit&quot;:&quot;px&quot;,&quot;size&quot;:4,&quot;sizes&quot;:[]},&quot;background_motion_fx_translateY_affectedRange&quot;:{&quot;unit&quot;:&quot;%&quot;,&quot;size&quot;:&quot;&quot;,&quot;sizes&quot;:{&quot;start&quot;:0,&quot;end&quot;:100}},&quot;ekit_has_onepagescroll_dot&quot;:&quot;yes&quot;}\">\n\t\t\t\t\t<div class=\"e-con-inner\">\n\t\t\t\t<div class=\"elementor-element elementor-element-6159212 elementor-widget elementor-widget-elementskit-heading\" data-id=\"6159212\" data-element_type=\"widget\" data-e-type=\"widget\" data-settings=\"{&quot;ekit_we_effect_on&quot;:&quot;none&quot;}\" data-widget_type=\"elementskit-heading.default\">\n\t\t\t\t\t<div class=\"ekit-wid-con\" ><div class=\"ekit-heading elementskit-section-title-wraper text_left   ekit_heading_tablet-   ekit_heading_mobile-\"><h2 class=\"ekit-heading--title elementskit-section-title \">Reisen nach Asien<\/h2><\/div><\/div>\t\t\t\t<\/div>\n\t\t\t\t\t<\/div>\n\t\t\t\t<\/div>\n\t\t<div class=\"elementor-element elementor-element-9b90168 e-flex e-con-boxed e-con e-parent\" data-id=\"9b90168\" data-element_type=\"container\" data-e-type=\"container\" data-settings=\"{&quot;background_background&quot;:&quot;classic&quot;,&quot;ekit_has_onepagescroll_dot&quot;:&quot;yes&quot;}\">\n\t\t\t\t\t<div class=\"e-con-inner\">\n\t\t<div class=\"elementor-element elementor-element-a0f5725 e-con-full e-flex elementor-invisible e-con e-child\" data-id=\"a0f5725\" data-element_type=\"container\" data-e-type=\"container\" data-settings=\"{&quot;animation&quot;:&quot;fadeInLeft&quot;,&quot;ekit_has_onepagescroll_dot&quot;:&quot;yes&quot;}\">\n\t\t\t\t<div class=\"elementor-element elementor-element-4115fbb elementor-widget elementor-widget-elementskit-heading\" data-id=\"4115fbb\" data-element_type=\"widget\" data-e-type=\"widget\" data-settings=\"{&quot;ekit_we_effect_on&quot;:&quot;none&quot;}\" data-widget_type=\"elementskit-heading.default\">\n\t\t\t\t\t<div class=\"ekit-wid-con\" ><div class=\"ekit-heading elementskit-section-title-wraper text_left   ekit_heading_tablet-   ekit_heading_mobile-\">\t\t\t\t<div class='ekit-heading__description'>\n\t\t\t\t\t<p>Als traditionsreiches Reiseunternehmen mit dem Titel \u201eChinesische Traditionsmarke\u201c ist Shanghai CITS seit Jahrzehnten fest im Inbound-Tourismus verankert. Das Gesch\u00e4ftsvolumen liegt nicht nur in Shanghai auf dem ersten Platz, sondern geh\u00f6rt auch landesweit konstant zu den beiden f\u00fchrenden Anbietern. Der Schwerpunkt liegt auf dem klassischen Inbound-Gesch\u00e4ft. Die Dienstleistungen erstrecken sich auf zahlreiche Quellm\u00e4rkte und Regionen in Asien, Nordamerika, Ozeanien und Europa.<\/p>\n<p>Gest\u00fctzt auf die starken Ressourcen der Jin Jiang International Group unterh\u00e4lt Shanghai CITS enge und langfristige Kooperationen mit international renommierten Hotelgruppen wie Marriott, Hilton und IHG in den USA sowie Accor in Frankreich. Dar\u00fcber hinaus bestehen umfassende Partnerschaften mit weltweit f\u00fchrenden Tourismusunternehmen wie Mitsui und JTB in Japan, TUI in Europa, Club Med und DERTOUR.<\/p>\n\t\t\t\t<\/div>\n\t\t\t<\/div><\/div>\t\t\t\t<\/div>\n\t\t\t\t<\/div>\n\t\t<div class=\"elementor-element elementor-element-efa7fed e-con-full e-flex elementor-invisible e-con e-child\" data-id=\"efa7fed\" data-element_type=\"container\" data-e-type=\"container\" data-settings=\"{&quot;animation&quot;:&quot;fadeInRight&quot;,&quot;ekit_has_onepagescroll_dot&quot;:&quot;yes&quot;}\">\n\t\t\t\t<div class=\"elementor-element elementor-element-91262e1 elementor-widget elementor-widget-image\" data-id=\"91262e1\" data-element_type=\"widget\" data-e-type=\"widget\" data-settings=\"{&quot;ekit_we_effect_on&quot;:&quot;none&quot;}\" data-widget_type=\"image.default\">\n\t\t\t\t\t\t\t\t\t\t\t\t<figure class=\"wp-caption\">\n\t\t\t\t\t\t\t\t\t\t<img fetchpriority=\"high\" decoding=\"async\" width=\"800\" height=\"534\" src=\"https:\/\/www.scits.com\/de\/wp-content\/uploads\/sites\/3\/2026\/02\/scaled-1-1024x683.jpg\" class=\"attachment-large size-large wp-image-100\" alt=\"\" srcset=\"https:\/\/www.scits.com\/de\/wp-content\/uploads\/sites\/3\/2026\/02\/scaled-1-1024x683.jpg 1024w, https:\/\/www.scits.com\/de\/wp-content\/uploads\/sites\/3\/2026\/02\/scaled-1-300x200.jpg 300w, https:\/\/www.scits.com\/de\/wp-content\/uploads\/sites\/3\/2026\/02\/scaled-1-768x512.jpg 768w, https:\/\/www.scits.com\/de\/wp-content\/uploads\/sites\/3\/2026\/02\/scaled-1-1536x1024.jpg 1536w, https:\/\/www.scits.com\/de\/wp-content\/uploads\/sites\/3\/2026\/02\/scaled-1-2048x1366.jpg 2048w\" sizes=\"(max-width: 800px) 100vw, 800px\" \/>\t\t\t\t\t\t\t\t\t\t\t<figcaption class=\"widget-image-caption wp-caption-text\"><\/figcaption>\n\t\t\t\t\t\t\t\t\t\t<\/figure>\n\t\t\t\t\t\t\t\t\t<\/div>\n\t\t\t\t<\/div>\n\t\t\t\t\t<\/div>\n\t\t\t\t<\/div>\n\t\t<div class=\"elementor-element elementor-element-d32ad22 e-flex e-con-boxed elementor-invisible e-con e-parent\" data-id=\"d32ad22\" data-element_type=\"container\" data-e-type=\"container\" data-settings=\"{&quot;animation&quot;:&quot;fadeInUp&quot;,&quot;ekit_has_onepagescroll_dot&quot;:&quot;yes&quot;}\">\n\t\t\t\t\t<div class=\"e-con-inner\">\n\t\t<div class=\"elementor-element elementor-element-ed235a8 e-con-full e-flex e-con e-child\" data-id=\"ed235a8\" data-element_type=\"container\" data-e-type=\"container\" data-settings=\"{&quot;ekit_has_onepagescroll_dot&quot;:&quot;yes&quot;}\">\n\t\t\t\t<div class=\"elementor-element elementor-element-441f6c0 elementor-widget elementor-widget-image\" data-id=\"441f6c0\" data-element_type=\"widget\" data-e-type=\"widget\" data-settings=\"{&quot;ekit_we_effect_on&quot;:&quot;none&quot;}\" data-widget_type=\"image.default\">\n\t\t\t\t\t\t\t\t\t\t\t\t\t\t\t<img decoding=\"async\" width=\"800\" height=\"534\" src=\"https:\/\/www.scits.com\/de\/wp-content\/uploads\/sites\/3\/2026\/02\/leon-jl-eOPW2FRIHUc-unsplash-1024x683.jpg\" class=\"attachment-large size-large wp-image-130\" alt=\"\" srcset=\"https:\/\/www.scits.com\/de\/wp-content\/uploads\/sites\/3\/2026\/02\/leon-jl-eOPW2FRIHUc-unsplash-1024x683.jpg 1024w, https:\/\/www.scits.com\/de\/wp-content\/uploads\/sites\/3\/2026\/02\/leon-jl-eOPW2FRIHUc-unsplash-300x200.jpg 300w, https:\/\/www.scits.com\/de\/wp-content\/uploads\/sites\/3\/2026\/02\/leon-jl-eOPW2FRIHUc-unsplash-768x512.jpg 768w, https:\/\/www.scits.com\/de\/wp-content\/uploads\/sites\/3\/2026\/02\/leon-jl-eOPW2FRIHUc-unsplash-1536x1024.jpg 1536w, https:\/\/www.scits.com\/de\/wp-content\/uploads\/sites\/3\/2026\/02\/leon-jl-eOPW2FRIHUc-unsplash.jpg 1920w\" sizes=\"(max-width: 800px) 100vw, 800px\" \/>\t\t\t\t\t\t\t\t\t\t\t\t\t\t\t<\/div>\n\t\t\t\t<div class=\"elementor-element elementor-element-9524dc4 elementor-widget elementor-widget-elementskit-heading\" data-id=\"9524dc4\" data-element_type=\"widget\" data-e-type=\"widget\" data-settings=\"{&quot;ekit_we_effect_on&quot;:&quot;none&quot;}\" data-widget_type=\"elementskit-heading.default\">\n\t\t\t\t\t<div class=\"ekit-wid-con\" ><div class=\"ekit-heading elementskit-section-title-wraper text_left   ekit_heading_tablet-   ekit_heading_mobile-\">\t\t\t\t<div class='ekit-heading__description'>\n\t\t\t\t\t<p>Reisesicherheit hat f\u00fcr Shanghai CITS oberste Priorit\u00e4t. Das Unternehmen verfolgt eine klare Null-Toleranz-Strategie gegen\u00fcber Sicherheitsrisiken und verf\u00fcgt \u00fcber ein umfassendes Lieferantenmanagement. Partner wie Transportunternehmen und Restaurants werden sorgf\u00e4ltig ausgew\u00e4hlt und regelm\u00e4\u00dfig \u00fcberpr\u00fcft, um h\u00f6chste Qualit\u00e4tsstandards zu gew\u00e4hrleisten. Alle Reiseprogramme werden professionell konzipiert, vor Ort gepr\u00fcft und mehrfach validiert, sodass Servicequalit\u00e4t und Kundenerlebnis von Beginn an abgesichert und gew\u00e4hrleistet sind.<\/p>\n<p>\u00a0<\/p>\n<p>Dank eines professionellen mehrsprachigen Teams und eigener Pr\u00e4senz in wichtigen Auslandsm\u00e4rkten hat das Unternehmen in mehreren L\u00e4ndern lokale B\u00fcros eingerichtet und eigene Vertriebsteams aufgebaut. Im B2B Modell bestehen enge Kooperationen mit Reiseveranstaltern und institutionellen Kunden weltweit. Durch fundierte Marktanalysen, ma\u00dfgeschneiderte Produktentwicklung und effiziente Gesch\u00e4ftsanbahnung entsteht ein globales Netzwerk f\u00fcr den Inbound Tourismus. Internationale Partner profitieren von zuverl\u00e4ssigen One-Stop-L\u00f6sungen und umfassender Ressourcenunterst\u00fctzung. Zugleich hat Shanghai CITS sein Leistungsversprechen weiterentwickelt und den Schritt vom \u201eChina-Reisespezialisten\u201c zum \u201eAsien-Reisespezialisten\u201c vollzogen. Durch die Integration von Ressourcen in China und weiteren asiatischen Destinationen wurde das Angebot von reinem China-Tourismus auf eine \u00fcberregionale Asien-Ausrichtung erweitert.<\/p>\n\t\t\t\t<\/div>\n\t\t\t<\/div><\/div>\t\t\t\t<\/div>\n\t\t\t\t<\/div>\n\t\t\t\t\t<\/div>\n\t\t\t\t<\/div>\n\t\t<div class=\"elementor-element elementor-element-de548c9 e-flex e-con-boxed elementor-invisible e-con e-parent\" data-id=\"de548c9\" data-element_type=\"container\" data-e-type=\"container\" data-settings=\"{&quot;background_background&quot;:&quot;classic&quot;,&quot;animation&quot;:&quot;fadeInUp&quot;,&quot;ekit_has_onepagescroll_dot&quot;:&quot;yes&quot;}\">\n\t\t\t\t\t<div class=\"e-con-inner\">\n\t\t<div class=\"elementor-element elementor-element-1fc0c06 e-con-full e-flex e-con e-child\" data-id=\"1fc0c06\" data-element_type=\"container\" data-e-type=\"container\" data-settings=\"{&quot;ekit_has_onepagescroll_dot&quot;:&quot;yes&quot;}\">\n\t\t<div class=\"elementor-element elementor-element-f87adf6 e-con-full e-flex e-con e-child\" data-id=\"f87adf6\" data-element_type=\"container\" data-e-type=\"container\" data-settings=\"{&quot;ekit_has_onepagescroll_dot&quot;:&quot;yes&quot;}\">\n\t\t<div class=\"elementor-element elementor-element-cacc10a e-con-full e-flex e-con e-child\" data-id=\"cacc10a\" data-element_type=\"container\" data-e-type=\"container\" data-settings=\"{&quot;ekit_has_onepagescroll_dot&quot;:&quot;yes&quot;}\">\n\t\t\t\t<div class=\"elementor-element elementor-element-a06f337 elementor-widget elementor-widget-elementskit-heading\" data-id=\"a06f337\" data-element_type=\"widget\" data-e-type=\"widget\" data-settings=\"{&quot;ekit_we_effect_on&quot;:&quot;none&quot;}\" data-widget_type=\"elementskit-heading.default\">\n\t\t\t\t\t<div class=\"ekit-wid-con\" ><div class=\"ekit-heading elementskit-section-title-wraper text_center   ekit_heading_tablet-   ekit_heading_mobile-\"><h2 class=\"ekit-heading--title elementskit-section-title \">Unsere Angebote<\/h2><\/div><\/div>\t\t\t\t<\/div>\n\t\t<div class=\"elementor-element elementor-element-85c45ed e-con-full e-flex e-con e-child\" data-id=\"85c45ed\" data-element_type=\"container\" data-e-type=\"container\" data-settings=\"{&quot;ekit_has_onepagescroll_dot&quot;:&quot;yes&quot;}\">\n\t\t<div class=\"elementor-element elementor-element-2612ac7 e-con-full e-flex e-con e-child\" data-id=\"2612ac7\" data-element_type=\"container\" data-e-type=\"container\" data-settings=\"{&quot;ekit_has_onepagescroll_dot&quot;:&quot;yes&quot;}\">\n\t\t\t\t<div class=\"elementor-element elementor-element-055a407 ekit-equal-height-disable elementor-widget elementor-widget-elementskit-icon-box\" data-id=\"055a407\" data-element_type=\"widget\" data-e-type=\"widget\" data-settings=\"{&quot;ekit_we_effect_on&quot;:&quot;none&quot;}\" data-widget_type=\"elementskit-icon-box.default\">\n\t\t\t\t\t<div class=\"ekit-wid-con\" >        <!-- link opening -->\n                <!-- end link opening -->\n\n        <div class=\"elementskit-infobox text-center text- icon-lef-right-aligin elementor-animation-   \">\n                        <div class=\"box-body\">\n                            <h3 class=\"elementskit-info-box-title\">\n                    Go Find Orient                <\/h3>\n                                                    <div class=\"box-footer disable_hover_button\">\n                    <div class=\"btn-wraper\">\n                                                            <a class=\"elementskit-btn whitespace--normal\" href=\"https:\/\/www.gofindorient.com\/\" target=\"_blank\">\n                                                                                Mehr erfahren                                    <\/a>\n                                                        <\/div>\n                <\/div>\n                    <\/div>\n        \n        <div class=\"icon-hover\">\n            <i aria-hidden=\"true\" class=\"icon icon-loupe\"><\/i>        <\/div>\n\n        \n        \n                <\/div>\n        <\/div>\t\t\t\t<\/div>\n\t\t\t\t<\/div>\n\t\t<div class=\"elementor-element elementor-element-1a4c7bb e-con-full e-flex e-con e-child\" data-id=\"1a4c7bb\" data-element_type=\"container\" data-e-type=\"container\" data-settings=\"{&quot;ekit_has_onepagescroll_dot&quot;:&quot;yes&quot;}\">\n\t\t\t\t<div class=\"elementor-element elementor-element-491b398 ekit-equal-height-disable elementor-widget elementor-widget-elementskit-icon-box\" data-id=\"491b398\" data-element_type=\"widget\" data-e-type=\"widget\" data-settings=\"{&quot;ekit_we_effect_on&quot;:&quot;none&quot;}\" data-widget_type=\"elementskit-icon-box.default\">\n\t\t\t\t\t<div class=\"ekit-wid-con\" >        <!-- link opening -->\n                <!-- end link opening -->\n\n        <div class=\"elementskit-infobox text-center text- icon-lef-right-aligin elementor-animation-   \">\n                        <div class=\"box-body\">\n                            <h3 class=\"elementskit-info-box-title\">\n                    Go Find China                <\/h3>\n                                                    <div class=\"box-footer disable_hover_button\">\n                    <div class=\"btn-wraper\">\n                                                            <a class=\"elementskit-btn whitespace--normal\" href=\"https:\/\/www.gofindchina.de\/\" target=\"_blank\">\n                                                                                Mehr erfahren                                    <\/a>\n                                                        <\/div>\n                <\/div>\n                    <\/div>\n        \n        <div class=\"icon-hover\">\n            <i aria-hidden=\"true\" class=\"icon icon-loupe\"><\/i>        <\/div>\n\n        \n        \n                <\/div>\n        <\/div>\t\t\t\t<\/div>\n\t\t\t\t<\/div>\n\t\t<div class=\"elementor-element elementor-element-c9411eb e-con-full e-flex e-con e-child\" data-id=\"c9411eb\" data-element_type=\"container\" data-e-type=\"container\" data-settings=\"{&quot;ekit_has_onepagescroll_dot&quot;:&quot;yes&quot;}\">\n\t\t\t\t<div class=\"elementor-element elementor-element-4d7819f ekit-equal-height-disable elementor-widget elementor-widget-elementskit-icon-box\" data-id=\"4d7819f\" data-element_type=\"widget\" data-e-type=\"widget\" data-settings=\"{&quot;ekit_we_effect_on&quot;:&quot;none&quot;}\" data-widget_type=\"elementskit-icon-box.default\">\n\t\t\t\t\t<div class=\"ekit-wid-con\" >        <!-- link opening -->\n                <!-- end link opening -->\n\n        <div class=\"elementskit-infobox text-center text- icon-lef-right-aligin elementor-animation-   \">\n                        <div class=\"box-body\">\n                            <h3 class=\"elementskit-info-box-title\">\n                    Go Find Vietnam                <\/h3>\n                                                    <div class=\"box-footer disable_hover_button\">\n                    <div class=\"btn-wraper\">\n                                                            <a class=\"elementskit-btn whitespace--normal\" href=\"https:\/\/www.gofindvietnam.de\/\" target=\"_blank\">\n                                                                                Mehr erfahren                                    <\/a>\n                                                        <\/div>\n                <\/div>\n                    <\/div>\n        \n        <div class=\"icon-hover\">\n            <i aria-hidden=\"true\" class=\"icon icon-loupe\"><\/i>        <\/div>\n\n        \n        \n                <\/div>\n        <\/div>\t\t\t\t<\/div>\n\t\t\t\t<\/div>\n\t\t\t\t<\/div>\n\t\t\t\t<div class=\"elementor-element elementor-element-1cf0a87 elementor-widget__width-initial elementor-widget elementor-widget-elementskit-heading\" data-id=\"1cf0a87\" data-element_type=\"widget\" data-e-type=\"widget\" data-settings=\"{&quot;ekit_we_effect_on&quot;:&quot;none&quot;}\" data-widget_type=\"elementskit-heading.default\">\n\t\t\t\t\t<div class=\"ekit-wid-con\" ><div class=\"ekit-heading elementskit-section-title-wraper text_center   ekit_heading_tablet-   ekit_heading_mobile-\">\t\t\t\t<div class='ekit-heading__description'>\n\t\t\t\t\t<p>Wir beraten Sie gerne. Rufen Sie uns unter +49 170 9045325 an oder schreiben Sie uns eine E-Mail an: <a href=\"mailto:info@scits.com\">info@scits.com<\/a><\/p>\n\t\t\t\t<\/div>\n\t\t\t<\/div><\/div>\t\t\t\t<\/div>\n\t\t\t\t<\/div>\n\t\t\t\t<\/div>\n\t\t\t\t<\/div>\n\t\t\t\t\t<\/div>\n\t\t\t\t<\/div>\n\t\t\t\t<\/div>\n\t\t","protected":false},"excerpt":{"rendered":"<p>Reisen nach Asien Als traditionsreiches Reiseunternehmen mit dem Titel \u201eChinesische Traditionsmarke\u201c ist Shanghai CITS seit Jahrzehnten fest im Inbound-Tourismus verankert. Das Gesch\u00e4ftsvolumen liegt nicht nur in Shanghai auf dem ersten Platz, sondern geh\u00f6rt auch landesweit konstant zu den beiden f\u00fchrenden Anbietern. Der Schwerpunkt liegt auf dem klassischen Inbound-Gesch\u00e4ft. Die Dienstleistungen erstrecken sich auf zahlreiche Quellm\u00e4rkte [&hellip;]<\/p>\n","protected":false},"author":1,"featured_media":0,"parent":0,"menu_order":0,"comment_status":"closed","ping_status":"closed","template":"","meta":{"footnotes":""},"class_list":["post-128","page","type-page","status-publish","hentry"],"_links":{"self":[{"href":"https:\/\/www.scits.com\/de\/wp-json\/wp\/v2\/pages\/128","targetHints":{"allow":["GET"]}}],"collection":[{"href":"https:\/\/www.scits.com\/de\/wp-json\/wp\/v2\/pages"}],"about":[{"href":"https:\/\/www.scits.com\/de\/wp-json\/wp\/v2\/types\/page"}],"author":[{"embeddable":true,"href":"https:\/\/www.scits.com\/de\/wp-json\/wp\/v2\/users\/1"}],"replies":[{"embeddable":true,"href":"https:\/\/www.scits.com\/de\/wp-json\/wp\/v2\/comments?post=128"}],"version-history":[{"count":25,"href":"https:\/\/www.scits.com\/de\/wp-json\/wp\/v2\/pages\/128\/revisions"}],"predecessor-version":[{"id":705,"href":"https:\/\/www.scits.com\/de\/wp-json\/wp\/v2\/pages\/128\/revisions\/705"}],"wp:attachment":[{"href":"https:\/\/www.scits.com\/de\/wp-json\/wp\/v2\/media?parent=128"}],"curies":[{"name":"wp","href":"https:\/\/api.w.org\/{rel}","templated":true}]}}