{"id":136,"date":"2026-02-26T03:40:22","date_gmt":"2026-02-26T03:40:22","guid":{"rendered":"https:\/\/www.scits.com\/de\/?page_id=136"},"modified":"2026-04-01T19:46:56","modified_gmt":"2026-04-01T19:46:56","slug":"nationale-reiseangebote","status":"publish","type":"page","link":"https:\/\/www.scits.com\/de\/nationale-reiseangebote\/","title":{"rendered":"Nationale Reiseangebote"},"content":{"rendered":"\t\t<div data-elementor-type=\"wp-page\" data-elementor-id=\"136\" class=\"elementor elementor-136\" data-elementor-post-type=\"page\">\n\t\t\t\t<div data-ekitparallax=\"{&quot;ekit_section_parallax_bg&quot;:&quot;yes&quot;,&quot;ekit_section_parallax_bg_speed&quot;:&quot;0.7&quot;,&quot;elementor_lazy_load&quot;:&quot;1&quot;}\" class=\"elementor-element elementor-element-1d51661 e-flex e-con-boxed e-con e-parent\" data-id=\"1d51661\" data-element_type=\"container\" data-e-type=\"container\" data-settings=\"{&quot;background_background&quot;:&quot;classic&quot;,&quot;background_motion_fx_devices&quot;:[&quot;desktop&quot;,&quot;laptop&quot;,&quot;tablet_extra&quot;,&quot;tablet&quot;,&quot;mobile_extra&quot;,&quot;mobile&quot;],&quot;background_motion_fx_motion_fx_scrolling&quot;:&quot;yes&quot;,&quot;background_motion_fx_translateY_effect&quot;:&quot;yes&quot;,&quot;background_motion_fx_translateY_speed&quot;:{&quot;unit&quot;:&quot;px&quot;,&quot;size&quot;:4,&quot;sizes&quot;:[]},&quot;background_motion_fx_translateY_affectedRange&quot;:{&quot;unit&quot;:&quot;%&quot;,&quot;size&quot;:&quot;&quot;,&quot;sizes&quot;:{&quot;start&quot;:0,&quot;end&quot;:100}},&quot;ekit_has_onepagescroll_dot&quot;:&quot;yes&quot;}\">\n\t\t\t\t\t<div class=\"e-con-inner\">\n\t\t\t\t<div class=\"elementor-element elementor-element-cd4fdfc elementor-widget__width-initial elementor-widget elementor-widget-elementskit-heading\" data-id=\"cd4fdfc\" data-element_type=\"widget\" data-e-type=\"widget\" data-settings=\"{&quot;ekit_we_effect_on&quot;:&quot;none&quot;}\" data-widget_type=\"elementskit-heading.default\">\n\t\t\t\t\t<div class=\"ekit-wid-con\" ><div class=\"ekit-heading elementskit-section-title-wraper text_left   ekit_heading_tablet-   ekit_heading_mobile-\"><h2 class=\"ekit-heading--title elementskit-section-title \">Nationale Reiseangebote<\/h2><\/div><\/div>\t\t\t\t<\/div>\n\t\t\t\t\t<\/div>\n\t\t\t\t<\/div>\n\t\t<div class=\"elementor-element elementor-element-508c456 e-flex e-con-boxed e-con e-parent\" data-id=\"508c456\" data-element_type=\"container\" data-e-type=\"container\" data-settings=\"{&quot;background_background&quot;:&quot;classic&quot;,&quot;ekit_has_onepagescroll_dot&quot;:&quot;yes&quot;}\">\n\t\t\t\t\t<div class=\"e-con-inner\">\n\t\t<div class=\"elementor-element elementor-element-64bb5b2 e-con-full e-flex e-con e-child\" data-id=\"64bb5b2\" data-element_type=\"container\" data-e-type=\"container\" data-settings=\"{&quot;ekit_has_onepagescroll_dot&quot;:&quot;yes&quot;}\">\n\t\t\t\t<div class=\"elementor-element elementor-element-aac3e53 elementor-widget elementor-widget-image\" data-id=\"aac3e53\" data-element_type=\"widget\" data-e-type=\"widget\" data-settings=\"{&quot;ekit_we_effect_on&quot;:&quot;none&quot;}\" data-widget_type=\"image.default\">\n\t\t\t\t\t\t\t\t\t\t\t\t<figure class=\"wp-caption\">\n\t\t\t\t\t\t\t\t\t\t<img fetchpriority=\"high\" decoding=\"async\" width=\"800\" height=\"534\" src=\"https:\/\/www.scits.com\/de\/wp-content\/uploads\/sites\/3\/2026\/02\/pexels-kevin-yung-2152346613-35416522-scaled-1-1024x683.jpg\" class=\"attachment-large size-large wp-image-141\" alt=\"\" srcset=\"https:\/\/www.scits.com\/de\/wp-content\/uploads\/sites\/3\/2026\/02\/pexels-kevin-yung-2152346613-35416522-scaled-1-1024x683.jpg 1024w, https:\/\/www.scits.com\/de\/wp-content\/uploads\/sites\/3\/2026\/02\/pexels-kevin-yung-2152346613-35416522-scaled-1-300x200.jpg 300w, https:\/\/www.scits.com\/de\/wp-content\/uploads\/sites\/3\/2026\/02\/pexels-kevin-yung-2152346613-35416522-scaled-1-768x512.jpg 768w, https:\/\/www.scits.com\/de\/wp-content\/uploads\/sites\/3\/2026\/02\/pexels-kevin-yung-2152346613-35416522-scaled-1-1536x1024.jpg 1536w, https:\/\/www.scits.com\/de\/wp-content\/uploads\/sites\/3\/2026\/02\/pexels-kevin-yung-2152346613-35416522-scaled-1-2048x1366.jpg 2048w\" sizes=\"(max-width: 800px) 100vw, 800px\" \/>\t\t\t\t\t\t\t\t\t\t\t<figcaption class=\"widget-image-caption wp-caption-text\"><\/figcaption>\n\t\t\t\t\t\t\t\t\t\t<\/figure>\n\t\t\t\t\t\t\t\t\t<\/div>\n\t\t\t\t<\/div>\n\t\t<div class=\"elementor-element elementor-element-bf2de0f e-con-full e-flex e-con e-child\" data-id=\"bf2de0f\" data-element_type=\"container\" data-e-type=\"container\" data-settings=\"{&quot;ekit_has_onepagescroll_dot&quot;:&quot;yes&quot;}\">\n\t\t\t\t<div class=\"elementor-element elementor-element-f19255b elementor-widget elementor-widget-elementskit-heading\" data-id=\"f19255b\" data-element_type=\"widget\" data-e-type=\"widget\" data-settings=\"{&quot;ekit_we_effect_on&quot;:&quot;none&quot;}\" data-widget_type=\"elementskit-heading.default\">\n\t\t\t\t\t<div class=\"ekit-wid-con\" ><div class=\"ekit-heading elementskit-section-title-wraper text_left   ekit_heading_tablet-   ekit_heading_mobile-\">\t\t\t\t<div class='ekit-heading__description'>\n\t\t\t\t\t<p>Mit einer klar strukturierten Organisationsform und einem professionellen Team hat Shanghai CITS ein umfassendes Angebot f\u00fcr den heimischen Reisemarkt aufgebaut. Dieses umfasst drei zentrale Bereiche: Auslandsreisen f\u00fcr chinesische G\u00e4ste, Inlandsreisen sowie die Vermittlung von Auslandsvisa.<\/p>\n<p>Die Auslandsreisen decken beliebte Destinationen auf allen sieben Kontinenten ab. Durch enge Kooperationen mit Tourismusbeh\u00f6rden, lokalen Partneragenturen, Hotels und Fluggesellschaften weltweit bietet Shanghai CITS vielf\u00e4ltige und hochwertige Reiseleistungen \u00fcber L\u00e4ndergrenzen hinweg.<\/p>\n<p>Im Bereich Inlandsreisen umfasst das Angebot sowohl Kurzreisen im Raum Shanghai, umfangreiche Rundreisen durch China, wie auch ausgew\u00e4hlte, vertiefende Routen zu besonderen Destinationen wie Xinjiang oder dem Changbai Gebirge. Damit werden unterschiedliche Zielgruppen und Reisebed\u00fcrfnisse gezielt angesprochen.<\/p>\n<p>Die Vermittlung von Auslandsvisa erg\u00e4nzt das Leistungsportfolio als verl\u00e4sslicher und zus\u00e4tzlicher Servicebaustein. Dieser Service unterst\u00fctzt Reisende effizient bei der Vorbereitung internationaler Reisen und schafft ein geschlossenes, aufeinander abgestimmtes Gesamtangebot.<\/p>\n\t\t\t\t<\/div>\n\t\t\t<\/div><\/div>\t\t\t\t<\/div>\n\t\t\t\t<\/div>\n\t\t\t\t\t<\/div>\n\t\t\t\t<\/div>\n\t\t<div class=\"elementor-element elementor-element-7a35bd3 e-flex e-con-boxed e-con e-parent\" data-id=\"7a35bd3\" data-element_type=\"container\" data-e-type=\"container\" data-settings=\"{&quot;background_background&quot;:&quot;classic&quot;,&quot;ekit_has_onepagescroll_dot&quot;:&quot;yes&quot;}\">\n\t\t\t\t\t<div class=\"e-con-inner\">\n\t\t<div class=\"elementor-element elementor-element-1943f88 e-con-full e-grid e-con e-child\" data-id=\"1943f88\" data-element_type=\"container\" data-e-type=\"container\" data-settings=\"{&quot;ekit_has_onepagescroll_dot&quot;:&quot;yes&quot;}\">\n\t\t\t\t<div class=\"elementor-element elementor-element-37c7ff0 elementor-widget elementor-widget-elementskit-heading\" data-id=\"37c7ff0\" data-element_type=\"widget\" data-e-type=\"widget\" data-settings=\"{&quot;ekit_we_effect_on&quot;:&quot;none&quot;}\" data-widget_type=\"elementskit-heading.default\">\n\t\t\t\t\t<div class=\"ekit-wid-con\" ><div class=\"ekit-heading elementskit-section-title-wraper text_left   ekit_heading_tablet-   ekit_heading_mobile-\">\t\t\t\t<div class='ekit-heading__description'>\n\t\t\t\t\t<p>Das Angebot von Shanghai CITS f\u00fcr den heimischen Reisemarkt konzentriert sich auf drei strategische Schwerpunkte und richtet sich gezielt an unterschiedliche Kundensegmente.<\/p>\n<p>Im Bereich Kultur- und Studienreisen stehen die Vermittlung von Kultur, Geschichte und Kunst sowie ein vertieftes Verst\u00e4ndnis gesellschaftlicher Zusammenh\u00e4nge im Mittelpunkt. Durch die Einbindung akademischer Ressourcen und die Mitwirkung namhafter Wissenschaftler entstehen intensive, immersive Reiseformate, die sich an ein anspruchsvolles, gebildetes Publikum richten und \u00fcber das reine Reisen hinaus nachhaltige kulturelle Verbindungen schaffen.<\/p>\n<p>Das Segment \u201eHigh-End-Customizing\u201c st\u00fctzt sich auf ein weltweites Netzwerk und ein erfahrenes Serviceteam. F\u00fcr Kundinnen und Kunden mit individuellen Anspr\u00fcchen werden ma\u00dfgeschneiderte Reisepl\u00e4ne entwickelt, die interkulturelle Themenreisen, besondere Expeditionsformate oder nachhaltige Reisekonzepte umfassen. Damit wird dem Wunsch nach Qualit\u00e4t, Individualit\u00e4t und Exklusivit\u00e4t konsequent Rechnung getragen.<\/p>\n<p>Im ressourcenorientierten Gesch\u00e4ft werden spezialisierte Teams gebildet, die sich auf bestimmte Destinationen, Zielgruppen oder besondere Reiseelemente konzentrieren. Durch thematisch fokussierte und ertragsstarke Angebote entsteht ein klar differenziertes Profil im Wettbewerb.<\/p>\n<p>Shanghai International Travel Service hat eine vielf\u00e4ltige Markenstruktur entwickelt, um unterschiedliche Zielgruppen gezielt mit passenden Reiseangeboten anzusprechen.<\/p>\n\t\t\t\t<\/div>\n\t\t\t<\/div><\/div>\t\t\t\t<\/div>\n\t\t\t\t<div class=\"elementor-element elementor-element-04bb426 elementor-widget elementor-widget-elementskit-heading\" data-id=\"04bb426\" data-element_type=\"widget\" data-e-type=\"widget\" data-settings=\"{&quot;ekit_we_effect_on&quot;:&quot;none&quot;}\" data-widget_type=\"elementskit-heading.default\">\n\t\t\t\t\t<div class=\"ekit-wid-con\" ><div class=\"ekit-heading elementskit-section-title-wraper text_left   ekit_heading_tablet-   ekit_heading_mobile-\">\t\t\t\t<div class='ekit-heading__description'>\n\t\t\t\t\t<p>\u201eStar Cosmos Voyage\u201c ist die Luxusmarke f\u00fcr Kultur und Tourismus und spezialisiert sich auf individuell gestaltete Premiumreisen. Auf Basis eines globalen Netzwerks f\u00fcr internationale Reisen sowie eines professionellen Pools an Reiseleitern entstehen au\u00dfergew\u00f6hnliche Reiseformate wie \u201eVorbereitungserlebnisse f\u00fcr Weltraumreisen\u201c oder \u201eWissenschaftlich orientierte Polarexpeditionen\u201c. Die Marke verfolgt das Ziel, neue Ma\u00dfst\u00e4be im Bereich exklusiver Reisen zu setzen.<\/p>\n<p>\u201eRetirees Club\u201c richtet sich gezielt an die \u00e4ltere Generation. Die Marke b\u00fcndelt vier zentrale Servicebereiche. Dazu geh\u00f6ren kulturelle Angebote im lokalen Alltag wie Vortr\u00e4ge und Treffen, erholsame Kurzreisen in der Region und innerhalb des Landes, internationale Kulturreisen sowie kombinierte Programme aus Begegnungen, l\u00e4ngeren Aufenthalten und ausgew\u00e4hlten Hoteldienstleistungen. Mit durchdachten Konzepten und hochwertigen Dienstleistungen entstehen Reiseangebote, die Seniorinnen und Senioren ein aktives, bereicherndes und komfortables Leben im Ruhestand erm\u00f6glichen.<\/p>\n<p>\u201eMeet with Maestros\u201c fokussiert sich auf Bildungs- und Kulturreisen und versteht sich als salonartige Plattform f\u00fcr kulturellen Austausch. Im Mittelpunkt stehen Themen wie Kultur, Geschichte, Geisteswissenschaften und Kunst. Renommierte Wissenschaftler und Experten aus verschiedenen Disziplinen werden als Redner eingeladen und schaffen interdisziplin\u00e4re Dialogformate f\u00fcr ein anspruchsvolles Publikum. So wird Reisen zu einer vertieften kulturellen Erfahrung, die Wissen vermittelt und zugleich neue Verbindungen zwischen den Teilnehmenden entstehen l\u00e4sst.<\/p>\n\t\t\t\t<\/div>\n\t\t\t<\/div><\/div>\t\t\t\t<\/div>\n\t\t\t\t<\/div>\n\t\t<div class=\"elementor-element elementor-element-de06d8f e-con-full e-flex e-con e-child\" data-id=\"de06d8f\" data-element_type=\"container\" data-e-type=\"container\" data-settings=\"{&quot;ekit_has_onepagescroll_dot&quot;:&quot;yes&quot;}\">\n\t\t\t\t<div class=\"elementor-element elementor-element-235459c elementor-widget elementor-widget-image\" data-id=\"235459c\" data-element_type=\"widget\" data-e-type=\"widget\" data-settings=\"{&quot;ekit_we_effect_on&quot;:&quot;none&quot;}\" data-widget_type=\"image.default\">\n\t\t\t\t\t\t\t\t\t\t\t\t<figure class=\"wp-caption\">\n\t\t\t\t\t\t\t\t\t\t<img decoding=\"async\" width=\"800\" height=\"534\" src=\"https:\/\/www.scits.com\/de\/wp-content\/uploads\/sites\/3\/2026\/02\/iStock-518872969-1024x683.jpg\" class=\"attachment-large size-large wp-image-142\" alt=\"\" srcset=\"https:\/\/www.scits.com\/de\/wp-content\/uploads\/sites\/3\/2026\/02\/iStock-518872969-1024x683.jpg 1024w, https:\/\/www.scits.com\/de\/wp-content\/uploads\/sites\/3\/2026\/02\/iStock-518872969-300x200.jpg 300w, https:\/\/www.scits.com\/de\/wp-content\/uploads\/sites\/3\/2026\/02\/iStock-518872969-768x512.jpg 768w, https:\/\/www.scits.com\/de\/wp-content\/uploads\/sites\/3\/2026\/02\/iStock-518872969-1536x1024.jpg 1536w, https:\/\/www.scits.com\/de\/wp-content\/uploads\/sites\/3\/2026\/02\/iStock-518872969-2048x1365.jpg 2048w\" sizes=\"(max-width: 800px) 100vw, 800px\" \/>\t\t\t\t\t\t\t\t\t\t\t<figcaption class=\"widget-image-caption wp-caption-text\"><\/figcaption>\n\t\t\t\t\t\t\t\t\t\t<\/figure>\n\t\t\t\t\t\t\t\t\t<\/div>\n\t\t\t\t<\/div>\n\t\t\t\t\t<\/div>\n\t\t\t\t<\/div>\n\t\t<div class=\"elementor-element elementor-element-f7a0d4a e-flex e-con-boxed e-con e-parent\" data-id=\"f7a0d4a\" data-element_type=\"container\" data-e-type=\"container\" data-settings=\"{&quot;ekit_has_onepagescroll_dot&quot;:&quot;yes&quot;}\">\n\t\t\t\t\t<div class=\"e-con-inner\">\n\t\t<div class=\"elementor-element elementor-element-5085953 e-con-full e-flex e-con e-child\" data-id=\"5085953\" data-element_type=\"container\" data-e-type=\"container\" data-settings=\"{&quot;ekit_has_onepagescroll_dot&quot;:&quot;yes&quot;}\">\n\t\t\t\t<div class=\"elementor-element elementor-element-028d6d7 elementor-widget__width-initial elementor-widget elementor-widget-elementskit-heading\" data-id=\"028d6d7\" data-element_type=\"widget\" data-e-type=\"widget\" data-settings=\"{&quot;ekit_we_effect_on&quot;:&quot;none&quot;}\" data-widget_type=\"elementskit-heading.default\">\n\t\t\t\t\t<div class=\"ekit-wid-con\" ><div class=\"ekit-heading elementskit-section-title-wraper text_left   ekit_heading_tablet-   ekit_heading_mobile-\">\t\t\t\t<div class='ekit-heading__description'>\n\t\t\t\t\t<p>Bitte rufen Sie unsere Kundenhotline unter 400 920 8886 an, senden Sie eine E-Mail an <a class=\"ms-outlook-linkify\" href=\"mailto:info@scits.com\">info@scits.com<\/a> oder scannen Sie den QR-Code unseres WeChat-Mini-Programms, um mit uns Kontakt aufzunehmen<\/p>\n\t\t\t\t<\/div>\n\t\t\t<\/div><\/div>\t\t\t\t<\/div>\n\t\t\t\t<div class=\"elementor-element elementor-element-13c4858 elementor-widget elementor-widget-image\" data-id=\"13c4858\" data-element_type=\"widget\" data-e-type=\"widget\" data-settings=\"{&quot;ekit_we_effect_on&quot;:&quot;none&quot;}\" data-widget_type=\"image.default\">\n\t\t\t\t\t\t\t\t\t\t\t\t\t\t\t<img decoding=\"async\" width=\"344\" height=\"344\" src=\"https:\/\/www.scits.com\/de\/wp-content\/uploads\/sites\/3\/2026\/02\/96685f23c65c0c36d0134f6f6bacee55-1.png\" class=\"attachment-large size-large wp-image-143\" alt=\"\" srcset=\"https:\/\/www.scits.com\/de\/wp-content\/uploads\/sites\/3\/2026\/02\/96685f23c65c0c36d0134f6f6bacee55-1.png 344w, https:\/\/www.scits.com\/de\/wp-content\/uploads\/sites\/3\/2026\/02\/96685f23c65c0c36d0134f6f6bacee55-1-300x300.png 300w, https:\/\/www.scits.com\/de\/wp-content\/uploads\/sites\/3\/2026\/02\/96685f23c65c0c36d0134f6f6bacee55-1-150x150.png 150w\" sizes=\"(max-width: 344px) 100vw, 344px\" \/>\t\t\t\t\t\t\t\t\t\t\t\t\t\t\t<\/div>\n\t\t\t\t<\/div>\n\t\t\t\t\t<\/div>\n\t\t\t\t<\/div>\n\t\t\t\t<\/div>\n\t\t","protected":false},"excerpt":{"rendered":"<p>Nationale Reiseangebote Mit einer klar strukturierten Organisationsform und einem professionellen Team hat Shanghai CITS ein umfassendes Angebot f\u00fcr den heimischen Reisemarkt aufgebaut. Dieses umfasst drei zentrale Bereiche: Auslandsreisen f\u00fcr chinesische G\u00e4ste, Inlandsreisen sowie die Vermittlung von Auslandsvisa. Die Auslandsreisen decken beliebte Destinationen auf allen sieben Kontinenten ab. Durch enge Kooperationen mit Tourismusbeh\u00f6rden, lokalen Partneragenturen, Hotels [&hellip;]<\/p>\n","protected":false},"author":1,"featured_media":0,"parent":0,"menu_order":0,"comment_status":"closed","ping_status":"closed","template":"","meta":{"footnotes":""},"class_list":["post-136","page","type-page","status-publish","hentry"],"_links":{"self":[{"href":"https:\/\/www.scits.com\/de\/wp-json\/wp\/v2\/pages\/136","targetHints":{"allow":["GET"]}}],"collection":[{"href":"https:\/\/www.scits.com\/de\/wp-json\/wp\/v2\/pages"}],"about":[{"href":"https:\/\/www.scits.com\/de\/wp-json\/wp\/v2\/types\/page"}],"author":[{"embeddable":true,"href":"https:\/\/www.scits.com\/de\/wp-json\/wp\/v2\/users\/1"}],"replies":[{"embeddable":true,"href":"https:\/\/www.scits.com\/de\/wp-json\/wp\/v2\/comments?post=136"}],"version-history":[{"count":38,"href":"https:\/\/www.scits.com\/de\/wp-json\/wp\/v2\/pages\/136\/revisions"}],"predecessor-version":[{"id":775,"href":"https:\/\/www.scits.com\/de\/wp-json\/wp\/v2\/pages\/136\/revisions\/775"}],"wp:attachment":[{"href":"https:\/\/www.scits.com\/de\/wp-json\/wp\/v2\/media?parent=136"}],"curies":[{"name":"wp","href":"https:\/\/api.w.org\/{rel}","templated":true}]}}