{"id":147,"date":"2026-02-26T03:58:14","date_gmt":"2026-02-26T03:58:14","guid":{"rendered":"https:\/\/www.scits.com\/de\/?page_id=147"},"modified":"2026-03-30T22:19:27","modified_gmt":"2026-03-30T22:19:27","slug":"geschaftsreisen-und-firmenkunden","status":"publish","type":"page","link":"https:\/\/www.scits.com\/de\/geschaftsreisen-und-firmenkunden\/","title":{"rendered":"Gesch\u00e4ftsreisen und Firmenkunden"},"content":{"rendered":"\t\t<div data-elementor-type=\"wp-page\" data-elementor-id=\"147\" class=\"elementor elementor-147\" data-elementor-post-type=\"page\">\n\t\t\t\t<div data-ekitparallax=\"{&quot;ekit_section_parallax_bg&quot;:&quot;yes&quot;,&quot;ekit_section_parallax_bg_speed&quot;:&quot;0.7&quot;,&quot;elementor_lazy_load&quot;:&quot;1&quot;}\" class=\"elementor-element elementor-element-e36a794 e-flex e-con-boxed e-con e-parent\" data-id=\"e36a794\" data-element_type=\"container\" data-e-type=\"container\" data-settings=\"{&quot;background_background&quot;:&quot;classic&quot;,&quot;background_motion_fx_devices&quot;:[&quot;desktop&quot;,&quot;laptop&quot;,&quot;tablet_extra&quot;,&quot;tablet&quot;,&quot;mobile_extra&quot;,&quot;mobile&quot;],&quot;background_motion_fx_motion_fx_scrolling&quot;:&quot;yes&quot;,&quot;background_motion_fx_translateY_effect&quot;:&quot;yes&quot;,&quot;background_motion_fx_translateY_speed&quot;:{&quot;unit&quot;:&quot;px&quot;,&quot;size&quot;:4,&quot;sizes&quot;:[]},&quot;background_motion_fx_translateY_affectedRange&quot;:{&quot;unit&quot;:&quot;%&quot;,&quot;size&quot;:&quot;&quot;,&quot;sizes&quot;:{&quot;start&quot;:0,&quot;end&quot;:100}},&quot;ekit_has_onepagescroll_dot&quot;:&quot;yes&quot;}\">\n\t\t\t\t\t<div class=\"e-con-inner\">\n\t\t\t\t<div class=\"elementor-element elementor-element-dea7a41 elementor-widget elementor-widget-elementskit-heading\" data-id=\"dea7a41\" data-element_type=\"widget\" data-e-type=\"widget\" data-settings=\"{&quot;ekit_we_effect_on&quot;:&quot;none&quot;}\" data-widget_type=\"elementskit-heading.default\">\n\t\t\t\t\t<div class=\"ekit-wid-con\" ><div class=\"ekit-heading elementskit-section-title-wraper text_left   ekit_heading_tablet-   ekit_heading_mobile-\"><h2 class=\"ekit-heading--title elementskit-section-title \">Gesch\u00e4ftsreisen und Firmenkunden<\/h2><\/div><\/div>\t\t\t\t<\/div>\n\t\t\t\t\t<\/div>\n\t\t\t\t<\/div>\n\t\t<div class=\"elementor-element elementor-element-3a8393b e-con-full e-flex e-con e-parent\" data-id=\"3a8393b\" data-element_type=\"container\" data-e-type=\"container\" data-settings=\"{&quot;background_background&quot;:&quot;classic&quot;,&quot;ekit_has_onepagescroll_dot&quot;:&quot;yes&quot;}\">\n\t\t<div class=\"elementor-element elementor-element-190df07 e-con-full e-flex e-con e-child\" data-id=\"190df07\" data-element_type=\"container\" data-e-type=\"container\" data-settings=\"{&quot;ekit_has_onepagescroll_dot&quot;:&quot;yes&quot;}\">\n\t\t\t\t<div class=\"elementor-element elementor-element-1338154 elementor-widget elementor-widget-image\" data-id=\"1338154\" data-element_type=\"widget\" data-e-type=\"widget\" data-settings=\"{&quot;ekit_we_effect_on&quot;:&quot;none&quot;}\" data-widget_type=\"image.default\">\n\t\t\t\t\t\t\t\t\t\t\t\t<figure class=\"wp-caption\">\n\t\t\t\t\t\t\t\t\t\t<img fetchpriority=\"high\" decoding=\"async\" width=\"683\" height=\"1024\" src=\"https:\/\/www.scits.com\/de\/wp-content\/uploads\/sites\/3\/2026\/02\/photo-1674708059513-5f77494844db-683x1024.jpeg\" class=\"attachment-large size-large wp-image-152\" alt=\"\" srcset=\"https:\/\/www.scits.com\/de\/wp-content\/uploads\/sites\/3\/2026\/02\/photo-1674708059513-5f77494844db-683x1024.jpeg 683w, https:\/\/www.scits.com\/de\/wp-content\/uploads\/sites\/3\/2026\/02\/photo-1674708059513-5f77494844db-200x300.jpeg 200w, https:\/\/www.scits.com\/de\/wp-content\/uploads\/sites\/3\/2026\/02\/photo-1674708059513-5f77494844db-768x1152.jpeg 768w, https:\/\/www.scits.com\/de\/wp-content\/uploads\/sites\/3\/2026\/02\/photo-1674708059513-5f77494844db.jpeg 987w\" sizes=\"(max-width: 683px) 100vw, 683px\" \/>\t\t\t\t\t\t\t\t\t\t\t<figcaption class=\"widget-image-caption wp-caption-text\"><\/figcaption>\n\t\t\t\t\t\t\t\t\t\t<\/figure>\n\t\t\t\t\t\t\t\t\t<\/div>\n\t\t\t\t<\/div>\n\t\t<div class=\"elementor-element elementor-element-24088ca e-con-full e-flex e-con e-child\" data-id=\"24088ca\" data-element_type=\"container\" data-e-type=\"container\" data-settings=\"{&quot;ekit_has_onepagescroll_dot&quot;:&quot;yes&quot;}\">\n\t\t\t\t<div class=\"elementor-element elementor-element-b3b9e57 elementor-widget elementor-widget-elementskit-heading\" data-id=\"b3b9e57\" data-element_type=\"widget\" data-e-type=\"widget\" data-settings=\"{&quot;ekit_we_effect_on&quot;:&quot;none&quot;}\" data-widget_type=\"elementskit-heading.default\">\n\t\t\t\t\t<div class=\"ekit-wid-con\" ><div class=\"ekit-heading elementskit-section-title-wraper text_left   ekit_heading_tablet-   ekit_heading_mobile-\">\t\t\t\t<div class='ekit-heading__description'>\n\t\t\t\t\t<p>Ob Dienstreisen, Gesch\u00e4ftskonferenzen oder Erholungsprogramme f\u00fcr Mitarbeitende \u2013 Shanghai CITS steht f\u00fcr Professionalit\u00e4t, Effizienz und ma\u00dfgeschneiderte L\u00f6sungen. Auf der Grundlage umfangreicher Branchenressourcen und eines bew\u00e4hrten Servicemodells schaffen wir f\u00fcr unsere Unternehmenskunden stets einen nachhaltigen Mehrwert.<\/p>\n\t\t\t\t<\/div>\n\t\t\t<\/div><\/div>\t\t\t\t<\/div>\n\t\t\t\t<\/div>\n\t\t\t\t<\/div>\n\t\t<div class=\"elementor-element elementor-element-3654452 e-con-full e-flex e-con e-parent\" data-id=\"3654452\" data-element_type=\"container\" data-e-type=\"container\" data-settings=\"{&quot;ekit_has_onepagescroll_dot&quot;:&quot;yes&quot;}\">\n\t\t<div class=\"elementor-element elementor-element-2c37321 e-con-full e-flex e-con e-child\" data-id=\"2c37321\" data-element_type=\"container\" data-e-type=\"container\" data-settings=\"{&quot;ekit_has_onepagescroll_dot&quot;:&quot;yes&quot;}\">\n\t\t\t\t<div class=\"elementor-element elementor-element-f2f48a7 elementor-widget__width-initial elementor-widget elementor-widget-elementskit-heading\" data-id=\"f2f48a7\" data-element_type=\"widget\" data-e-type=\"widget\" data-settings=\"{&quot;ekit_we_effect_on&quot;:&quot;none&quot;}\" data-widget_type=\"elementskit-heading.default\">\n\t\t\t\t\t<div class=\"ekit-wid-con\" ><div class=\"ekit-heading elementskit-section-title-wraper text_left   ekit_heading_tablet-   ekit_heading_mobile-\"><h2 class=\"ekit-heading--title elementskit-section-title \">Reisebetreuung bei<\/br> Delegationsreisen<\/h2><div class=\"ekit_heading_separetor_wraper ekit_heading_elementskit-border-divider elementskit-style-long\"><div class=\"elementskit-border-divider elementskit-style-long\"><\/div><\/div><\/div><\/div>\t\t\t\t<\/div>\n\t\t\t\t<\/div>\n\t\t<div class=\"elementor-element elementor-element-89222f0 e-con-full e-flex e-con e-child\" data-id=\"89222f0\" data-element_type=\"container\" data-e-type=\"container\" data-settings=\"{&quot;ekit_has_onepagescroll_dot&quot;:&quot;yes&quot;}\">\n\t\t\t\t<div class=\"elementor-element elementor-element-bfb63f6 elementor-widget__width-initial elementor-widget elementor-widget-elementskit-heading\" data-id=\"bfb63f6\" data-element_type=\"widget\" data-e-type=\"widget\" data-settings=\"{&quot;ekit_we_effect_on&quot;:&quot;none&quot;}\" data-widget_type=\"elementskit-heading.default\">\n\t\t\t\t\t<div class=\"ekit-wid-con\" ><div class=\"ekit-heading elementskit-section-title-wraper text_left   ekit_heading_tablet-   ekit_heading_mobile-\"><h2 class=\"ekit-heading--subtitle elementskit-section-subtitle  \">\n\t\t\t\t\t\tProfessionelle Planung, effiziente Umsetzung\n\t\t\t\t\t<\/h2>\t\t\t\t<div class='ekit-heading__description'>\n\t\t\t\t\t<p>Shanghai CITS verf\u00fcgt \u00fcber ein bew\u00e4hrtes Betreuungssystem und ist seit vielen Jahren im Bereich Gesch\u00e4ftsreisen f\u00fcr Beh\u00f6rden und Unternehmen t\u00e4tig. Wir bieten unseren Firmenkunden eine durchg\u00e4ngige Servicekette \u2013 von der individuellen Bedarfsermittlung \u00fcber die strukturierte Reiseplanung bis hin zur umfassenden Reisesicherheit.<\/p>\n<p>Von der Analyse der Delegationsziele \u00fcber die Compliance-Pr\u00fcfung und Routenplanung bis hin zur Organisation von Transfers, sorgf\u00e4ltigen Hotelauswahl und dem Einsatz erfahrener Reiseleiter \u2013 alle Ma\u00dfnahmen sind darauf ausgelegt, den dienstlichen Charakter der Reise zu wahren und Abl\u00e4ufe effizient zu gestalten. Dienstliche Besuche und Austauschprogramme werden strukturiert umgesetzt. Durch optimierte Zeitplanung und fr\u00fchzeitige Vorbereitung aller relevanten Unterlagen reduzieren wir den Koordinationsaufwand f\u00fcr unsere Kunden. Ein 24-Stunden-Notfallservice sowie eine pers\u00f6nliche Betreuung w\u00e4hrend der gesamten Reise sorgen f\u00fcr zus\u00e4tzliche Sicherheit und Professionalit\u00e4t. Dazu stehen wir!<\/p>\n\t\t\t\t<\/div>\n\t\t\t<\/div><\/div>\t\t\t\t<\/div>\n\t\t\t\t<\/div>\n\t\t\t\t<\/div>\n\t\t<div class=\"elementor-element elementor-element-3ee0755 e-con-full e-flex e-con e-parent\" data-id=\"3ee0755\" data-element_type=\"container\" data-e-type=\"container\" data-settings=\"{&quot;ekit_has_onepagescroll_dot&quot;:&quot;yes&quot;}\">\n\t\t<div class=\"elementor-element elementor-element-d06730c e-con-full e-flex e-con e-child\" data-id=\"d06730c\" data-element_type=\"container\" data-e-type=\"container\" data-settings=\"{&quot;ekit_has_onepagescroll_dot&quot;:&quot;yes&quot;}\">\n\t\t\t\t<div class=\"elementor-element elementor-element-67798a5 elementor-widget__width-initial elementor-widget elementor-widget-elementskit-heading\" data-id=\"67798a5\" data-element_type=\"widget\" data-e-type=\"widget\" data-settings=\"{&quot;ekit_we_effect_on&quot;:&quot;none&quot;}\" data-widget_type=\"elementskit-heading.default\">\n\t\t\t\t\t<div class=\"ekit-wid-con\" ><div class=\"ekit-heading elementskit-section-title-wraper text_left   ekit_heading_tablet-   ekit_heading_mobile-\"><h2 class=\"ekit-heading--title elementskit-section-title \">Konferenz- und <\/br>Veranstaltungsservice<\/h2><div class=\"ekit_heading_separetor_wraper ekit_heading_elementskit-border-divider elementskit-style-long\"><div class=\"elementskit-border-divider elementskit-style-long\"><\/div><\/div><\/div><\/div>\t\t\t\t<\/div>\n\t\t\t\t<\/div>\n\t\t<div class=\"elementor-element elementor-element-fa9086f e-con-full e-flex e-con e-child\" data-id=\"fa9086f\" data-element_type=\"container\" data-e-type=\"container\" data-settings=\"{&quot;ekit_has_onepagescroll_dot&quot;:&quot;yes&quot;}\">\n\t\t\t\t<div class=\"elementor-element elementor-element-645e3bc elementor-widget__width-initial elementor-widget elementor-widget-elementskit-heading\" data-id=\"645e3bc\" data-element_type=\"widget\" data-e-type=\"widget\" data-settings=\"{&quot;ekit_we_effect_on&quot;:&quot;none&quot;}\" data-widget_type=\"elementskit-heading.default\">\n\t\t\t\t\t<div class=\"ekit-wid-con\" ><div class=\"ekit-heading elementskit-section-title-wraper text_left   ekit_heading_tablet-   ekit_heading_mobile-\"><h2 class=\"ekit-heading--subtitle elementskit-section-subtitle  \">\n\t\t\t\t\t\tGanzheitliche Betreuung f\u00fcr erfolgreiche Veranstaltungen\n\t\t\t\t\t<\/h2>\t\t\t\t<div class='ekit-heading__description'>\n\t\t\t\t\t<p>F\u00fcr Gesch\u00e4ftskonferenzen, Fachforen oder Kundenevents bietet Shanghai CITS eine umfassende Betreuung \u2013 von der ersten Konzeption bis zur finalen Umsetzung. Unser erfahrenes Team \u00fcbernimmt je nach Gr\u00f6\u00dfe und Thema der Veranstaltung die Auswahl geeigneter Locations, die Ablaufplanung, die Betreuung von Referenten und G\u00e4sten sowie die Gestaltung von Materialien, B\u00fchnenbild und technischer Ausstattung.<\/p>\n<p>Gleichzeitig koordinieren wir Unterbringung, Verpflegung und Transport der Teilnehmenden, um einen reibungslosen Ablauf sicherzustellen. Durch pr\u00e4zise Detailplanung und langj\u00e4hrige Veranstaltungserfahrung helfen wir Unternehmen, jede Veranstaltung als wirkungsvolle Plattform f\u00fcr Markenpr\u00e4senz und gesch\u00e4ftlichen Austausch zu nutzen.<\/p>\n\t\t\t\t<\/div>\n\t\t\t<\/div><\/div>\t\t\t\t<\/div>\n\t\t\t\t<\/div>\n\t\t\t\t<\/div>\n\t\t<div class=\"elementor-element elementor-element-5ff4da5 e-con-full e-flex e-con e-parent\" data-id=\"5ff4da5\" data-element_type=\"container\" data-e-type=\"container\" data-settings=\"{&quot;ekit_has_onepagescroll_dot&quot;:&quot;yes&quot;}\">\n\t\t<div class=\"elementor-element elementor-element-bf404e7 e-con-full e-flex e-con e-child\" data-id=\"bf404e7\" data-element_type=\"container\" data-e-type=\"container\" data-settings=\"{&quot;ekit_has_onepagescroll_dot&quot;:&quot;yes&quot;}\">\n\t\t\t\t<div class=\"elementor-element elementor-element-b485a59 elementor-widget__width-initial elementor-widget elementor-widget-elementskit-heading\" data-id=\"b485a59\" data-element_type=\"widget\" data-e-type=\"widget\" data-settings=\"{&quot;ekit_we_effect_on&quot;:&quot;none&quot;}\" data-widget_type=\"elementskit-heading.default\">\n\t\t\t\t\t<div class=\"ekit-wid-con\" ><div class=\"ekit-heading elementskit-section-title-wraper text_left   ekit_heading_tablet-   ekit_heading_mobile-\"><h2 class=\"ekit-heading--title elementskit-section-title \">Erholungsprogramme <\/br>f\u00fcr Mitarbeitende<\/h2><div class=\"ekit_heading_separetor_wraper ekit_heading_elementskit-border-divider elementskit-style-long\"><div class=\"elementskit-border-divider elementskit-style-long\"><\/div><\/div><\/div><\/div>\t\t\t\t<\/div>\n\t\t\t\t<\/div>\n\t\t<div class=\"elementor-element elementor-element-2fa0963 e-con-full e-flex e-con e-child\" data-id=\"2fa0963\" data-element_type=\"container\" data-e-type=\"container\" data-settings=\"{&quot;ekit_has_onepagescroll_dot&quot;:&quot;yes&quot;}\">\n\t\t\t\t<div class=\"elementor-element elementor-element-4bdf2f0 elementor-widget__width-initial elementor-widget elementor-widget-elementskit-heading\" data-id=\"4bdf2f0\" data-element_type=\"widget\" data-e-type=\"widget\" data-settings=\"{&quot;ekit_we_effect_on&quot;:&quot;none&quot;}\" data-widget_type=\"elementskit-heading.default\">\n\t\t\t\t\t<div class=\"ekit-wid-con\" ><div class=\"ekit-heading elementskit-section-title-wraper text_left   ekit_heading_tablet-   ekit_heading_mobile-\"><h2 class=\"ekit-heading--subtitle elementskit-section-subtitle  \">\n\t\t\t\t\t\tIndividuelle Konzepte zur St\u00e4rkung der Motivation\n\t\t\t\t\t<\/h2>\t\t\t\t<div class='ekit-heading__description'>\n\t\t\t\t\t<p>Auf Basis der Anforderungen moderner Mitarbeiterprogramme entwickelt Shanghai CITS ma\u00dfgeschneiderte Erholungs- und Gesundheitsreisen. In Zusammenarbeit mit hochwertigen Einrichtungen wie \u00f6kologischen Resorts, Thermal- und Gesundheitszentren sowie kulturellen Freizeitzielen entstehen thematisch abgestimmte Programme, die Erholung, Gesundheit und kulturelle Impulse verbinden.<\/p>\n<p>Je nach Bedarf k\u00f6nnen erg\u00e4nzende Leistungen wie Gesundheitsberatung oder Pr\u00e4ventionsangebote integriert werden. Dabei stehen Komfort, Sicherheit und Qualit\u00e4t im Mittelpunkt \u2013 von der Transportorganisation \u00fcber die Auswahl der Unterk\u00fcnfte bis zur Verpflegung. So erleben Mitarbeitende echte Entlastung und Wertsch\u00e4tzung, w\u00e4hrend Unternehmen gezielt die Motivation, die Bindung und den Teamzusammenhalt ihrer Belegschaft st\u00e4rken.<\/p>\n\t\t\t\t<\/div>\n\t\t\t<\/div><\/div>\t\t\t\t<\/div>\n\t\t\t\t<\/div>\n\t\t\t\t<\/div>\n\t\t<div class=\"elementor-element elementor-element-587f7f5 e-flex e-con-boxed e-con e-parent\" data-id=\"587f7f5\" data-element_type=\"container\" data-e-type=\"container\" data-settings=\"{&quot;ekit_has_onepagescroll_dot&quot;:&quot;yes&quot;}\">\n\t\t\t\t\t<div class=\"e-con-inner\">\n\t\t<div class=\"elementor-element elementor-element-4f1d07a e-con-full e-flex e-con e-child\" data-id=\"4f1d07a\" data-element_type=\"container\" data-e-type=\"container\" data-settings=\"{&quot;ekit_has_onepagescroll_dot&quot;:&quot;yes&quot;}\">\n\t\t\t\t<div class=\"elementor-element elementor-element-a930e12 elementor-widget__width-initial elementor-widget elementor-widget-elementskit-heading\" data-id=\"a930e12\" data-element_type=\"widget\" data-e-type=\"widget\" data-settings=\"{&quot;ekit_we_effect_on&quot;:&quot;none&quot;}\" data-widget_type=\"elementskit-heading.default\">\n\t\t\t\t\t<div class=\"ekit-wid-con\" ><div class=\"ekit-heading elementskit-section-title-wraper text_left   ekit_heading_tablet-   ekit_heading_mobile-\">\t\t\t\t<div class='ekit-heading__description'>\n\t\t\t\t\t<p>Bitte rufen Sie unsere Kundenhotline unter +49 170 9045325 an, senden Sie eine E-Mail an <a class=\"ms-outlook-linkify\" href=\"mailto:info@scits.com\">info@scits.com<\/a> oder scannen Sie den QR-Code unseres WeChat-Mini-Programms, um mit uns Kontakt aufzunehmen.<\/p>\n\t\t\t\t<\/div>\n\t\t\t<\/div><\/div>\t\t\t\t<\/div>\n\t\t\t\t<div class=\"elementor-element elementor-element-2f3af01 elementor-widget elementor-widget-image\" data-id=\"2f3af01\" data-element_type=\"widget\" data-e-type=\"widget\" data-settings=\"{&quot;ekit_we_effect_on&quot;:&quot;none&quot;}\" data-widget_type=\"image.default\">\n\t\t\t\t\t\t\t\t\t\t\t\t\t\t\t<img decoding=\"async\" width=\"344\" height=\"344\" src=\"https:\/\/www.scits.com\/de\/wp-content\/uploads\/sites\/3\/2026\/02\/96685f23c65c0c36d0134f6f6bacee55-1.png\" class=\"attachment-large size-large wp-image-143\" alt=\"\" srcset=\"https:\/\/www.scits.com\/de\/wp-content\/uploads\/sites\/3\/2026\/02\/96685f23c65c0c36d0134f6f6bacee55-1.png 344w, https:\/\/www.scits.com\/de\/wp-content\/uploads\/sites\/3\/2026\/02\/96685f23c65c0c36d0134f6f6bacee55-1-300x300.png 300w, https:\/\/www.scits.com\/de\/wp-content\/uploads\/sites\/3\/2026\/02\/96685f23c65c0c36d0134f6f6bacee55-1-150x150.png 150w\" sizes=\"(max-width: 344px) 100vw, 344px\" \/>\t\t\t\t\t\t\t\t\t\t\t\t\t\t\t<\/div>\n\t\t\t\t<\/div>\n\t\t\t\t\t<\/div>\n\t\t\t\t<\/div>\n\t\t\t\t<\/div>\n\t\t","protected":false},"excerpt":{"rendered":"<p>Gesch\u00e4ftsreisen und Firmenkunden Ob Dienstreisen, Gesch\u00e4ftskonferenzen oder Erholungsprogramme f\u00fcr Mitarbeitende \u2013 Shanghai CITS steht f\u00fcr Professionalit\u00e4t, Effizienz und ma\u00dfgeschneiderte L\u00f6sungen. Auf der Grundlage umfangreicher Branchenressourcen und eines bew\u00e4hrten Servicemodells schaffen wir f\u00fcr unsere Unternehmenskunden stets einen nachhaltigen Mehrwert. Reisebetreuung bei Delegationsreisen Professionelle Planung, effiziente Umsetzung Shanghai CITS verf\u00fcgt \u00fcber ein bew\u00e4hrtes Betreuungssystem und ist seit [&hellip;]<\/p>\n","protected":false},"author":1,"featured_media":0,"parent":0,"menu_order":0,"comment_status":"closed","ping_status":"closed","template":"","meta":{"footnotes":""},"class_list":["post-147","page","type-page","status-publish","hentry"],"_links":{"self":[{"href":"https:\/\/www.scits.com\/de\/wp-json\/wp\/v2\/pages\/147","targetHints":{"allow":["GET"]}}],"collection":[{"href":"https:\/\/www.scits.com\/de\/wp-json\/wp\/v2\/pages"}],"about":[{"href":"https:\/\/www.scits.com\/de\/wp-json\/wp\/v2\/types\/page"}],"author":[{"embeddable":true,"href":"https:\/\/www.scits.com\/de\/wp-json\/wp\/v2\/users\/1"}],"replies":[{"embeddable":true,"href":"https:\/\/www.scits.com\/de\/wp-json\/wp\/v2\/comments?post=147"}],"version-history":[{"count":26,"href":"https:\/\/www.scits.com\/de\/wp-json\/wp\/v2\/pages\/147\/revisions"}],"predecessor-version":[{"id":711,"href":"https:\/\/www.scits.com\/de\/wp-json\/wp\/v2\/pages\/147\/revisions\/711"}],"wp:attachment":[{"href":"https:\/\/www.scits.com\/de\/wp-json\/wp\/v2\/media?parent=147"}],"curies":[{"name":"wp","href":"https:\/\/api.w.org\/{rel}","templated":true}]}}