{"id":156,"date":"2026-02-26T04:14:59","date_gmt":"2026-02-26T04:14:59","guid":{"rendered":"https:\/\/www.scits.com\/de\/?page_id=156"},"modified":"2026-03-30T22:20:41","modified_gmt":"2026-03-30T22:20:41","slug":"visumservice","status":"publish","type":"page","link":"https:\/\/www.scits.com\/de\/visumservice\/","title":{"rendered":"Internationale Visazentren"},"content":{"rendered":"\t\t<div data-elementor-type=\"wp-page\" data-elementor-id=\"156\" class=\"elementor elementor-156\" data-elementor-post-type=\"page\">\n\t\t\t\t<div data-ekitparallax=\"{&quot;ekit_section_parallax_bg&quot;:&quot;yes&quot;,&quot;ekit_section_parallax_bg_speed&quot;:&quot;0.7&quot;,&quot;elementor_lazy_load&quot;:&quot;1&quot;}\" class=\"elementor-element elementor-element-b29d086 e-flex e-con-boxed e-con e-parent\" data-id=\"b29d086\" data-element_type=\"container\" data-e-type=\"container\" data-settings=\"{&quot;background_background&quot;:&quot;classic&quot;,&quot;background_motion_fx_devices&quot;:[&quot;desktop&quot;,&quot;laptop&quot;,&quot;tablet_extra&quot;,&quot;tablet&quot;,&quot;mobile_extra&quot;,&quot;mobile&quot;],&quot;background_motion_fx_motion_fx_scrolling&quot;:&quot;yes&quot;,&quot;background_motion_fx_translateY_effect&quot;:&quot;yes&quot;,&quot;background_motion_fx_translateY_speed&quot;:{&quot;unit&quot;:&quot;px&quot;,&quot;size&quot;:4,&quot;sizes&quot;:[]},&quot;background_motion_fx_translateY_affectedRange&quot;:{&quot;unit&quot;:&quot;%&quot;,&quot;size&quot;:&quot;&quot;,&quot;sizes&quot;:{&quot;start&quot;:0,&quot;end&quot;:100}},&quot;ekit_has_onepagescroll_dot&quot;:&quot;yes&quot;}\">\n\t\t\t\t\t<div class=\"e-con-inner\">\n\t\t\t\t<div class=\"elementor-element elementor-element-06f7715 elementor-widget elementor-widget-elementskit-heading\" data-id=\"06f7715\" data-element_type=\"widget\" data-e-type=\"widget\" data-settings=\"{&quot;ekit_we_effect_on&quot;:&quot;none&quot;}\" data-widget_type=\"elementskit-heading.default\">\n\t\t\t\t\t<div class=\"ekit-wid-con\" ><div class=\"ekit-heading elementskit-section-title-wraper text_left   ekit_heading_tablet-   ekit_heading_mobile-\"><h2 class=\"ekit-heading--title elementskit-section-title \">Visumservice f\u00fcr Chinareisen<\/h2><\/div><\/div>\t\t\t\t<\/div>\n\t\t\t\t\t<\/div>\n\t\t\t\t<\/div>\n\t\t<div class=\"elementor-element elementor-element-3a8e388 e-con-full e-flex e-con e-parent\" data-id=\"3a8e388\" data-element_type=\"container\" data-e-type=\"container\" data-settings=\"{&quot;background_background&quot;:&quot;classic&quot;,&quot;ekit_has_onepagescroll_dot&quot;:&quot;yes&quot;}\">\n\t\t<div class=\"elementor-element elementor-element-6710408 e-con-full e-flex e-con e-child\" data-id=\"6710408\" data-element_type=\"container\" data-e-type=\"container\" data-settings=\"{&quot;ekit_has_onepagescroll_dot&quot;:&quot;yes&quot;}\">\n\t\t\t\t<div class=\"elementor-element elementor-element-f2adf08 elementor-widget elementor-widget-image\" data-id=\"f2adf08\" data-element_type=\"widget\" data-e-type=\"widget\" data-settings=\"{&quot;ekit_we_effect_on&quot;:&quot;none&quot;}\" data-widget_type=\"image.default\">\n\t\t\t\t\t\t\t\t\t\t\t\t<figure class=\"wp-caption\">\n\t\t\t\t\t\t\t\t\t\t<img fetchpriority=\"high\" decoding=\"async\" width=\"800\" height=\"636\" src=\"https:\/\/www.scits.com\/de\/wp-content\/uploads\/sites\/3\/2026\/02\/von_SCITS_Pic_office-1-1024x814.jpg\" class=\"attachment-large size-large wp-image-51\" alt=\"\" srcset=\"https:\/\/www.scits.com\/de\/wp-content\/uploads\/sites\/3\/2026\/02\/von_SCITS_Pic_office-1-1024x814.jpg 1024w, https:\/\/www.scits.com\/de\/wp-content\/uploads\/sites\/3\/2026\/02\/von_SCITS_Pic_office-1-300x239.jpg 300w, https:\/\/www.scits.com\/de\/wp-content\/uploads\/sites\/3\/2026\/02\/von_SCITS_Pic_office-1-768x611.jpg 768w, https:\/\/www.scits.com\/de\/wp-content\/uploads\/sites\/3\/2026\/02\/von_SCITS_Pic_office-1-1536x1221.jpg 1536w, https:\/\/www.scits.com\/de\/wp-content\/uploads\/sites\/3\/2026\/02\/von_SCITS_Pic_office-1.jpg 1698w\" sizes=\"(max-width: 800px) 100vw, 800px\" \/>\t\t\t\t\t\t\t\t\t\t\t<figcaption class=\"widget-image-caption wp-caption-text\"><\/figcaption>\n\t\t\t\t\t\t\t\t\t\t<\/figure>\n\t\t\t\t\t\t\t\t\t<\/div>\n\t\t\t\t<\/div>\n\t\t<div class=\"elementor-element elementor-element-32c1a09 e-con-full e-flex e-con e-child\" data-id=\"32c1a09\" data-element_type=\"container\" data-e-type=\"container\" data-settings=\"{&quot;ekit_has_onepagescroll_dot&quot;:&quot;yes&quot;}\">\n\t\t\t\t<div class=\"elementor-element elementor-element-6163936 elementor-widget elementor-widget-elementskit-heading\" data-id=\"6163936\" data-element_type=\"widget\" data-e-type=\"widget\" data-settings=\"{&quot;ekit_we_effect_on&quot;:&quot;none&quot;}\" data-widget_type=\"elementskit-heading.default\">\n\t\t\t\t\t<div class=\"ekit-wid-con\" ><div class=\"ekit-heading elementskit-section-title-wraper text_left   ekit_heading_tablet-   ekit_heading_mobile-\">\t\t\t\t<div class='ekit-heading__description'>\n\t\t\t\t\t<p>Im Auftrag der Jin Jiang International Group betreibt Shanghai CITS in mehreren L\u00e4ndern chinesische Visaantragszentren \u2013 in enger Zusammenarbeit mit dem chinesischen Au\u00dfenministerium. Das Angebot umfasst professionelle, effiziente und standardisierte Dienstleistungen entlang des gesamten Visaprozesses: von der Beratung zu Visabestimmungen \u00fcber die Unterst\u00fctzung bei der Zusammenstellung der Unterlagen bis hin zur Terminvereinbarung und Nachverfolgung des Antragsstatus. Erg\u00e4nzt wird dies durch umfassende Einreiseleistungen wie Reiseplanung, Hotel- und Transportbuchungen sowie mehrsprachige Betreuung. So entsteht f\u00fcr internationale G\u00e4ste ein integriertes Angebot aus Visaservice und Einreiseleistungen aus einer Hand.<\/p>\n<p>\u00a0<\/p>\n<p>Der Leitgedanke: Touristische Dienstleistungen als Br\u00fccke der internationalen Beziehungen zu verstehen und zugleich durch diplomatische \u00d6ffnung den Tourismus zu f\u00f6rdern. Mit der internationalen Pr\u00e4senz der Visazentren unterst\u00fctzt Shanghai CITS sowohl die au\u00dfenpolitischen Ziele des Landes als auch die globale Strategie der Jin Jiang International Group. Durch den kontinuierlichen Ausbau des weltweiten Servicenetzwerks werden Visadienstleistungen weiter professionalisiert und standardisiert. Gleichzeitig entstehen Impulse f\u00fcr die Weiterentwicklung der touristischen Wertsch\u00f6pfungskette und eine engere Verzahnung erg\u00e4nzender Gesch\u00e4ftsbereiche \u2013 ein nachhaltiger Beitrag zur St\u00e4rkung des Inbound-Tourismus.<\/p>\n\t\t\t\t<\/div>\n\t\t\t<\/div><\/div>\t\t\t\t<\/div>\n\t\t\t\t<\/div>\n\t\t\t\t<\/div>\n\t\t<div class=\"elementor-element elementor-element-db517b6 e-con-full e-flex e-con e-parent\" data-id=\"db517b6\" data-element_type=\"container\" data-e-type=\"container\" data-settings=\"{&quot;background_background&quot;:&quot;classic&quot;,&quot;ekit_has_onepagescroll_dot&quot;:&quot;yes&quot;}\">\n\t\t<div class=\"elementor-element elementor-element-6a1f06c e-con-full e-flex e-con e-child\" data-id=\"6a1f06c\" data-element_type=\"container\" data-e-type=\"container\" data-settings=\"{&quot;ekit_has_onepagescroll_dot&quot;:&quot;yes&quot;}\">\n\t\t\t\t<div class=\"elementor-element elementor-element-56b0bff elementor-widget elementor-widget-elementskit-heading\" data-id=\"56b0bff\" data-element_type=\"widget\" data-e-type=\"widget\" data-settings=\"{&quot;ekit_we_effect_on&quot;:&quot;none&quot;}\" data-widget_type=\"elementskit-heading.default\">\n\t\t\t\t\t<div class=\"ekit-wid-con\" ><div class=\"ekit-heading elementskit-section-title-wraper text_left   ekit_heading_tablet-   ekit_heading_mobile-\">\t\t\t\t<div class='ekit-heading__description'>\n\t\t\t\t\t<p>Als zentrale Tr\u00e4gereinheit des internationalen Visagesch\u00e4fts der Jin Jiang International Group treibt Shanghai CITS den globalen Ausbau der Visazentren schrittweise voran. Mit fachlicher Kompetenz und innovativen Ans\u00e4tzen f\u00f6rdert das Unternehmen den internationalen Austausch und unterst\u00fctzt zugleich den Aufbau eines leistungsf\u00e4higen \u00d6kosystems f\u00fcr den Inbound-Tourismus.<\/p>\n\t\t\t\t<\/div>\n\t\t\t<\/div><\/div>\t\t\t\t<\/div>\n\t\t\t\t<\/div>\n\t\t<div class=\"elementor-element elementor-element-8a02361 e-con-full e-flex e-con e-child\" data-id=\"8a02361\" data-element_type=\"container\" data-e-type=\"container\" data-settings=\"{&quot;ekit_has_onepagescroll_dot&quot;:&quot;yes&quot;}\">\n\t\t\t\t<div class=\"elementor-element elementor-element-4acbc85 elementor-widget elementor-widget-image\" data-id=\"4acbc85\" data-element_type=\"widget\" data-e-type=\"widget\" data-settings=\"{&quot;ekit_we_effect_on&quot;:&quot;none&quot;}\" data-widget_type=\"image.default\">\n\t\t\t\t\t\t\t\t\t\t\t\t<figure class=\"wp-caption\">\n\t\t\t\t\t\t\t\t\t\t<img decoding=\"async\" width=\"768\" height=\"1024\" src=\"https:\/\/www.scits.com\/de\/wp-content\/uploads\/sites\/3\/2026\/02\/pexels-maegan-white-363530-981682-scaled-1-768x1024.jpg\" class=\"attachment-large size-large wp-image-163\" alt=\"\" srcset=\"https:\/\/www.scits.com\/de\/wp-content\/uploads\/sites\/3\/2026\/02\/pexels-maegan-white-363530-981682-scaled-1-768x1024.jpg 768w, https:\/\/www.scits.com\/de\/wp-content\/uploads\/sites\/3\/2026\/02\/pexels-maegan-white-363530-981682-scaled-1-225x300.jpg 225w, https:\/\/www.scits.com\/de\/wp-content\/uploads\/sites\/3\/2026\/02\/pexels-maegan-white-363530-981682-scaled-1-1152x1536.jpg 1152w, https:\/\/www.scits.com\/de\/wp-content\/uploads\/sites\/3\/2026\/02\/pexels-maegan-white-363530-981682-scaled-1-1536x2048.jpg 1536w, https:\/\/www.scits.com\/de\/wp-content\/uploads\/sites\/3\/2026\/02\/pexels-maegan-white-363530-981682-scaled-1.jpg 1920w\" sizes=\"(max-width: 768px) 100vw, 768px\" \/>\t\t\t\t\t\t\t\t\t\t\t<figcaption class=\"widget-image-caption wp-caption-text\"><\/figcaption>\n\t\t\t\t\t\t\t\t\t\t<\/figure>\n\t\t\t\t\t\t\t\t\t<\/div>\n\t\t\t\t<\/div>\n\t\t\t\t<\/div>\n\t\t<div class=\"elementor-element elementor-element-e59852b e-con-full e-flex e-con e-parent\" data-id=\"e59852b\" data-element_type=\"container\" data-e-type=\"container\" data-settings=\"{&quot;ekit_has_onepagescroll_dot&quot;:&quot;yes&quot;}\">\n\t\t<div class=\"elementor-element elementor-element-48105ea e-con-full e-flex e-con e-child\" data-id=\"48105ea\" data-element_type=\"container\" data-e-type=\"container\" data-settings=\"{&quot;ekit_has_onepagescroll_dot&quot;:&quot;yes&quot;}\">\n\t\t\t\t<div class=\"elementor-element elementor-element-9a40018 elementor-widget-tablet__width-initial elementor-widget__width-initial elementor-widget elementor-widget-elementskit-heading\" data-id=\"9a40018\" data-element_type=\"widget\" data-e-type=\"widget\" data-settings=\"{&quot;ekit_we_effect_on&quot;:&quot;none&quot;}\" data-widget_type=\"elementskit-heading.default\">\n\t\t\t\t\t<div class=\"ekit-wid-con\" ><div class=\"ekit-heading elementskit-section-title-wraper text_left   ekit_heading_tablet-   ekit_heading_mobile-text_center\">\t\t\t\t<div class='ekit-heading__description'>\n\t\t\t\t\t<p>Weitere Informationen finden Sie unter folgendem Link:<\/p>\n\t\t\t\t<\/div>\n\t\t\t<\/div><\/div>\t\t\t\t<\/div>\n\t\t\t\t<div class=\"elementor-element elementor-element-a2d87cc elementor-align-center elementor-widget elementor-widget-elementskit-button\" data-id=\"a2d87cc\" data-element_type=\"widget\" data-e-type=\"widget\" data-settings=\"{&quot;ekit_we_effect_on&quot;:&quot;none&quot;}\" data-widget_type=\"elementskit-button.default\">\n\t\t\t\t\t<div class=\"ekit-wid-con\" >\t\t<div class=\"ekit-btn-wraper\">\n\t\t\t\t\t\t\t<a href=\"https:\/\/www.visaforchina.cn\/\" class=\"elementskit-btn  whitespace--normal\" id=\"\">\n\t\t\t\t\tChinese Visa Application Service Center\t\t\t\t<\/a>\n\t\t\t\t\t<\/div>\n        <\/div>\t\t\t\t<\/div>\n\t\t\t\t<\/div>\n\t\t\t\t<\/div>\n\t\t\t\t<\/div>\n\t\t","protected":false},"excerpt":{"rendered":"<p>Visumservice f\u00fcr Chinareisen Im Auftrag der Jin Jiang International Group betreibt Shanghai CITS in mehreren L\u00e4ndern chinesische Visaantragszentren \u2013 in enger Zusammenarbeit mit dem chinesischen Au\u00dfenministerium. Das Angebot umfasst professionelle, effiziente und standardisierte Dienstleistungen entlang des gesamten Visaprozesses: von der Beratung zu Visabestimmungen \u00fcber die Unterst\u00fctzung bei der Zusammenstellung der Unterlagen bis hin zur Terminvereinbarung [&hellip;]<\/p>\n","protected":false},"author":1,"featured_media":0,"parent":0,"menu_order":0,"comment_status":"closed","ping_status":"closed","template":"","meta":{"footnotes":""},"class_list":["post-156","page","type-page","status-publish","hentry"],"_links":{"self":[{"href":"https:\/\/www.scits.com\/de\/wp-json\/wp\/v2\/pages\/156","targetHints":{"allow":["GET"]}}],"collection":[{"href":"https:\/\/www.scits.com\/de\/wp-json\/wp\/v2\/pages"}],"about":[{"href":"https:\/\/www.scits.com\/de\/wp-json\/wp\/v2\/types\/page"}],"author":[{"embeddable":true,"href":"https:\/\/www.scits.com\/de\/wp-json\/wp\/v2\/users\/1"}],"replies":[{"embeddable":true,"href":"https:\/\/www.scits.com\/de\/wp-json\/wp\/v2\/comments?post=156"}],"version-history":[{"count":22,"href":"https:\/\/www.scits.com\/de\/wp-json\/wp\/v2\/pages\/156\/revisions"}],"predecessor-version":[{"id":714,"href":"https:\/\/www.scits.com\/de\/wp-json\/wp\/v2\/pages\/156\/revisions\/714"}],"wp:attachment":[{"href":"https:\/\/www.scits.com\/de\/wp-json\/wp\/v2\/media?parent=156"}],"curies":[{"name":"wp","href":"https:\/\/api.w.org\/{rel}","templated":true}]}}