{"id":178,"date":"2026-02-26T04:47:56","date_gmt":"2026-02-26T04:47:56","guid":{"rendered":"https:\/\/www.scits.com\/de\/?page_id=178"},"modified":"2026-03-23T00:28:26","modified_gmt":"2026-03-23T00:28:26","slug":"soziales-engagement","status":"publish","type":"page","link":"https:\/\/www.scits.com\/de\/soziales-engagement\/","title":{"rendered":"Soziales Engagement"},"content":{"rendered":"\t\t<div data-elementor-type=\"wp-page\" data-elementor-id=\"178\" class=\"elementor elementor-178\" data-elementor-post-type=\"page\">\n\t\t\t\t<div data-ekitparallax=\"{&quot;ekit_section_parallax_bg&quot;:&quot;yes&quot;,&quot;ekit_section_parallax_bg_speed&quot;:&quot;0.7&quot;,&quot;elementor_lazy_load&quot;:&quot;1&quot;}\" class=\"elementor-element elementor-element-41fc55b e-flex e-con-boxed e-con e-parent\" data-id=\"41fc55b\" data-element_type=\"container\" data-e-type=\"container\" data-settings=\"{&quot;background_background&quot;:&quot;classic&quot;,&quot;background_motion_fx_devices&quot;:[&quot;desktop&quot;,&quot;laptop&quot;,&quot;tablet_extra&quot;,&quot;tablet&quot;,&quot;mobile_extra&quot;,&quot;mobile&quot;],&quot;background_motion_fx_motion_fx_scrolling&quot;:&quot;yes&quot;,&quot;background_motion_fx_translateY_effect&quot;:&quot;yes&quot;,&quot;background_motion_fx_translateY_speed&quot;:{&quot;unit&quot;:&quot;px&quot;,&quot;size&quot;:4,&quot;sizes&quot;:[]},&quot;background_motion_fx_translateY_affectedRange&quot;:{&quot;unit&quot;:&quot;%&quot;,&quot;size&quot;:&quot;&quot;,&quot;sizes&quot;:{&quot;start&quot;:0,&quot;end&quot;:100}},&quot;ekit_has_onepagescroll_dot&quot;:&quot;yes&quot;}\">\n\t\t\t\t\t<div class=\"e-con-inner\">\n\t\t\t\t<div class=\"elementor-element elementor-element-14e8245 elementor-widget elementor-widget-elementskit-heading\" data-id=\"14e8245\" data-element_type=\"widget\" data-e-type=\"widget\" data-settings=\"{&quot;ekit_we_effect_on&quot;:&quot;none&quot;}\" data-widget_type=\"elementskit-heading.default\">\n\t\t\t\t\t<div class=\"ekit-wid-con\" ><div class=\"ekit-heading elementskit-section-title-wraper text_left   ekit_heading_tablet-   ekit_heading_mobile-\"><h2 class=\"ekit-heading--title elementskit-section-title \">Soziales Engagement<\/h2><\/div><\/div>\t\t\t\t<\/div>\n\t\t\t\t\t<\/div>\n\t\t\t\t<\/div>\n\t\t<div class=\"elementor-element elementor-element-c21d743 e-flex e-con-boxed e-con e-parent\" data-id=\"c21d743\" data-element_type=\"container\" data-e-type=\"container\" data-settings=\"{&quot;ekit_has_onepagescroll_dot&quot;:&quot;yes&quot;}\">\n\t\t\t\t\t<div class=\"e-con-inner\">\n\t\t\t\t<div class=\"elementor-element elementor-element-b1f98c6 elementor-widget elementor-widget-text-editor\" data-id=\"b1f98c6\" data-element_type=\"widget\" data-e-type=\"widget\" data-settings=\"{&quot;ekit_we_effect_on&quot;:&quot;none&quot;}\" data-widget_type=\"text-editor.default\">\n\t\t\t\t\t\t\t\t\t<p>Shanghai CITS blickt auf eine lange und bewegte Geschichte zur\u00fcck und geh\u00f6rt heute zu den erfahrensten und leistungsst\u00e4rksten Unternehmen der chinesischen Tourismusbranche. Mit umfassender Expertise, einem starken Netzwerk und einem klaren Qualit\u00e4tsanspruch gestaltet das Unternehmen seit vielen Jahren erfolgreich den internationalen Tourismus.<\/p><p>Gleichzeitig versteht sich Shanghai CITS nicht nur als wirtschaftlicher Akteur, sondern auch als aktiver Teil der Gesellschaft. Durch vielf\u00e4ltige soziale Initiativen und nachhaltiges Engagement \u00fcbernimmt das Unternehmen gesellschaftliche Verantwortung \u00fcber das reine Gesch\u00e4ft hinaus.<\/p>\t\t\t\t\t\t\t\t<\/div>\n\t\t\t\t\t<\/div>\n\t\t\t\t<\/div>\n\t\t<div class=\"elementor-element elementor-element-9188e36 e-flex e-con-boxed e-con e-parent\" data-id=\"9188e36\" data-element_type=\"container\" data-e-type=\"container\" data-settings=\"{&quot;ekit_has_onepagescroll_dot&quot;:&quot;yes&quot;}\">\n\t\t\t\t\t<div class=\"e-con-inner\">\n\t\t\t\t<div class=\"elementor-element elementor-element-99cc25d elementor-widget elementor-widget-elementskit-table\" data-id=\"99cc25d\" data-element_type=\"widget\" data-e-type=\"widget\" data-settings=\"{&quot;ekit_we_effect_on&quot;:&quot;none&quot;}\" data-widget_type=\"elementskit-table.default\">\n\t\t\t\t<div class=\"elementor-widget-container\">\n\t\t\t\t\t<div class=\"ekit-wid-con\" >\n<div class=\"ekit_table display  ekit_table_data_type-custom\"\n\tdata-settings=\"{&quot;fixedHeader&quot;:false,&quot;search&quot;:false,&quot;search_placeholder&quot;:&quot;&quot;,&quot;responsive&quot;:true,&quot;pagination&quot;:false,&quot;button&quot;:false,&quot;entries&quot;:false,&quot;info&quot;:false,&quot;info_text&quot;:&quot;&quot;,&quot;entries_text&quot;:&quot;&quot;,&quot;ordering&quot;:false,&quot;searchIcon&quot;:&quot;&quot;,&quot;item_per_page&quot;:10,&quot;nav_style&quot;:&quot;&quot;,&quot;prev_text&quot;:&quot;&quot;,&quot;next_text&quot;:&quot;&quot;,&quot;prev_arrow&quot;:&quot;&quot;,&quot;next_arrow&quot;:&quot;&quot;}\">\n\t<table id=\"ekit-table-container-99cc25d\" class=\"display dataTable\" style=\"width:100%\"><thead><tr>\t<th class=\"elementor-repeater-item-701e274\">\n\t\t<div\n\t\t\tclass=\"ekit_table_item_container  ekit-table-container- \">\n\t\t\t\t\t<\/div>\n\t<\/th>\n\t <\/tr><\/thead><tbody><tr>\t<td data-order=\"Im Juli 1957 richtete die Shanghai Niederlassung von CITS am Bahnhof Shanghai eine Servicestelle ein, auch bekannt als \u201eDienststelle 101\u201c, um ausl\u00e4ndische G\u00e4ste bei Ein- und Ausreise zu betreuen.\"\n\t\tclass=\"elementor-repeater-item-46a7be2 ekit_table_data_\">\n\t\t\n\t\t\t<div\n\t\t\t\tclass=\"ekit_table_body_container ekit_table_data_ ekit_body_align_left\">\n\t\t\t\t<p>Im Juli 1957 richtete die Shanghai Niederlassung von CITS am Bahnhof Shanghai eine Servicestelle ein, auch bekannt als \u201eDienststelle 101\u201c, um ausl\u00e4ndische G\u00e4ste bei Ein- und Ausreise zu betreuen.<\/p>\t\t\t<\/div>\n\n\t\t\t\t<\/td>\n\t<tr>\t<td data-order=\"Im August 1958 wurde am Flughafen Hongqiao eine weitere Servicestelle er\u00f6ffnet, die ausl\u00e4ndischen Reisenden Unterst\u00fctzung bot.\"\n\t\tclass=\"elementor-repeater-item-553b3c9 ekit_table_data_\">\n\t\t\n\t\t\t<div\n\t\t\t\tclass=\"ekit_table_body_container ekit_table_data_ ekit_body_align_left\">\n\t\t\t\t<p>Im August 1958 wurde am Flughafen Hongqiao eine weitere Servicestelle er\u00f6ffnet, die ausl\u00e4ndischen Reisenden Unterst\u00fctzung bot.<\/p>\t\t\t<\/div>\n\n\t\t\t\t<\/td>\n\t<tr>\t<td data-order=\"Im September 1972 nahm die Niederlassung den Betrieb der zu Beginn der Kulturrevolution geschlossenen Servicestelle am Bahnhof Shanghai wieder auf.\"\n\t\tclass=\"elementor-repeater-item-f4b9406 ekit_table_data_\">\n\t\t\n\t\t\t<div\n\t\t\t\tclass=\"ekit_table_body_container ekit_table_data_ ekit_body_align_left\">\n\t\t\t\t<p>Im September 1972 nahm die Niederlassung den Betrieb der zu Beginn der Kulturrevolution geschlossenen Servicestelle am Bahnhof Shanghai wieder auf.<\/p>\t\t\t<\/div>\n\n\t\t\t\t<\/td>\n\t<tr>\t<td data-order=\"Am 27. November 1978 wurde auch die w\u00e4hrend der Kulturrevolution geschlossene Servicestelle am Flughafen Hongqiao wieder er\u00f6ffnet.\"\n\t\tclass=\"elementor-repeater-item-fa97c3e ekit_table_data_\">\n\t\t\n\t\t\t<div\n\t\t\t\tclass=\"ekit_table_body_container ekit_table_data_ ekit_body_align_left\">\n\t\t\t\t<p>Am 27. November 1978 wurde auch die w\u00e4hrend der Kulturrevolution geschlossene Servicestelle am Flughafen Hongqiao wieder er\u00f6ffnet.<\/p>\t\t\t<\/div>\n\n\t\t\t\t<\/td>\n\t<tr>\t<td data-order=\"1982 wurde die Servicestelle am Flughafen Hongqiao als fortschrittliche Kollektiveinheit des nationalen Tourismussystems ausgezeichnet.\"\n\t\tclass=\"elementor-repeater-item-a9ed48d ekit_table_data_\">\n\t\t\n\t\t\t<div\n\t\t\t\tclass=\"ekit_table_body_container ekit_table_data_ ekit_body_align_left\">\n\t\t\t\t<p>1982 wurde die Servicestelle am Flughafen Hongqiao als fortschrittliche Kollektiveinheit des nationalen Tourismussystems ausgezeichnet.<\/p>\t\t\t<\/div>\n\n\t\t\t\t<\/td>\n\t<tr>\t<td data-order=\"Ende 1988 erschien das von Shanghai CITS herausgegebene Buch \u201cShanghai Reisef\u00fchrertexte\u201c, welches sp\u00e4ter mit dem Silbernen Taubenpreis f\u00fcr herausragende Publikationen im Bereich der internationalen \u00d6ffentlichkeitsarbeit der Stadt Shanghai ausgezeichnet wurde.\"\n\t\tclass=\"elementor-repeater-item-b96a163 ekit_table_data_\">\n\t\t\n\t\t\t<div\n\t\t\t\tclass=\"ekit_table_body_container ekit_table_data_ ekit_body_align_left\">\n\t\t\t\t<p>Ende 1988 erschien das von Shanghai CITS herausgegebene Buch \u201cShanghai Reisef\u00fchrertexte\u201c, welches sp\u00e4ter mit dem Silbernen Taubenpreis f\u00fcr herausragende Publikationen im Bereich der internationalen \u00d6ffentlichkeitsarbeit der Stadt Shanghai ausgezeichnet wurde.<\/p>\t\t\t<\/div>\n\n\t\t\t\t<\/td>\n\t<tr>\t<td data-order=\"Am 29. Juli 1989 veranstaltete Shanghai CITS anl\u00e4sslich des 35-j\u00e4hrigen Bestehens ein wissenschaftliches Symposium f\u00fcr Reiseleiter und \u00dcbersetzer. Vertreter von Beh\u00f6rden, Hochschulen, Medien und internationalen Reiseorganisationen nahmen teil. Insgesamt wurden 14 Fachbeitr\u00e4ge vorgestellt.\"\n\t\tclass=\"elementor-repeater-item-ec8ab91 ekit_table_data_\">\n\t\t\n\t\t\t<div\n\t\t\t\tclass=\"ekit_table_body_container ekit_table_data_ ekit_body_align_left\">\n\t\t\t\t<p>Am 29. Juli 1989 veranstaltete Shanghai CITS anl\u00e4sslich des 35-j\u00e4hrigen Bestehens ein wissenschaftliches Symposium f\u00fcr Reiseleiter und \u00dcbersetzer. Vertreter von Beh\u00f6rden, Hochschulen, Medien und internationalen Reiseorganisationen nahmen teil. Insgesamt wurden 14 Fachbeitr\u00e4ge vorgestellt.<\/p>\t\t\t<\/div>\n\n\t\t\t\t<\/td>\n\t<tr>\t<td data-order=\"Im Dezember 1990 erschien die japanische Ausgabe des Werkes \u201eShanghai Reisef\u00fchrertexte\u201c.\"\n\t\tclass=\"elementor-repeater-item-4f94816 ekit_table_data_\">\n\t\t\n\t\t\t<div\n\t\t\t\tclass=\"ekit_table_body_container ekit_table_data_ ekit_body_align_left\">\n\t\t\t\t<p>Im Dezember 1990 erschien die japanische Ausgabe des Werkes \u201eShanghai Reisef\u00fchrertexte\u201c.<\/p>\t\t\t<\/div>\n\n\t\t\t\t<\/td>\n\t<tr>\t<td data-order=\"Im September 1994 spendeten Mitarbeitende von Shanghai CITS 74 Pakete mit Kleidung und Decken f\u00fcr Katastrophengebiete in der Provinz Yunnan.\"\n\t\tclass=\"elementor-repeater-item-28d4c60 ekit_table_data_\">\n\t\t\n\t\t\t<div\n\t\t\t\tclass=\"ekit_table_body_container ekit_table_data_ ekit_body_align_left\">\n\t\t\t\t<p>Im September 1994 spendeten Mitarbeitende von Shanghai CITS 74 Pakete mit Kleidung und Decken f\u00fcr Katastrophengebiete in der Provinz Yunnan.<\/p>\t\t\t<\/div>\n\n\t\t\t\t<\/td>\n\t<tr>\t<td data-order=\"Im August 1995 sammelten Mitarbeitende 62 Pakete mit insgesamt 2.086 Kleidungsst\u00fccken zur Unterst\u00fctzung von Betroffenen im tibetischen Shigatse.\"\n\t\tclass=\"elementor-repeater-item-d4932d5 ekit_table_data_\">\n\t\t\n\t\t\t<div\n\t\t\t\tclass=\"ekit_table_body_container ekit_table_data_ ekit_body_align_left\">\n\t\t\t\t<p>Im August 1995 sammelten Mitarbeitende 62 Pakete mit insgesamt 2.086 Kleidungsst\u00fccken zur Unterst\u00fctzung von Betroffenen im tibetischen Shigatse.<\/p>\t\t\t<\/div>\n\n\t\t\t\t<\/td>\n\t<tr>\t<td data-order=\"Im Februar 1996 wurden f\u00fcr die Erdbebenregion Lijiang in Yunnan 48 gro\u00dfe Pakete mit 1.374 Kleidungsst\u00fccken gespendet.\"\n\t\tclass=\"elementor-repeater-item-57f1d36 ekit_table_data_\">\n\t\t\n\t\t\t<div\n\t\t\t\tclass=\"ekit_table_body_container ekit_table_data_ ekit_body_align_left\">\n\t\t\t\t<p>Im Februar 1996 wurden f\u00fcr die Erdbebenregion Lijiang in Yunnan 48 gro\u00dfe Pakete mit 1.374 Kleidungsst\u00fccken gespendet.<\/p>\t\t\t<\/div>\n\n\t\t\t\t<\/td>\n\t<tr>\t<td data-order=\"Am 11. August 1998 spendete Shanghai CITS bei einer Wohlt\u00e4tigkeitsveranstaltung zugunsten der Hochwasseropfer 50.000 Renminbi. Bis zum 4. September kamen weitere 43.000 Renminbi sowie 3.540 Kleidungsst\u00fccke von Mitarbeitenden hinzu.\"\n\t\tclass=\"elementor-repeater-item-94ee54b ekit_table_data_\">\n\t\t\n\t\t\t<div\n\t\t\t\tclass=\"ekit_table_body_container ekit_table_data_ ekit_body_align_left\">\n\t\t\t\t<p>Am 11. August 1998 spendete Shanghai CITS bei einer Wohlt\u00e4tigkeitsveranstaltung zugunsten der Hochwasseropfer 50.000 Renminbi. Bis zum 4. September kamen weitere 43.000 Renminbi sowie 3.540 Kleidungsst\u00fccke von Mitarbeitenden hinzu.<\/p>\t\t\t<\/div>\n\n\t\t\t\t<\/td>\n\t<tr>\t<td data-order=\"Im Oktober 1999 nahm die Servicestelle von Shanghai CITS im Terminal des internationalen Flughafens Pudong offiziell ihren Betrieb auf.\"\n\t\tclass=\"elementor-repeater-item-74e581a ekit_table_data_\">\n\t\t\n\t\t\t<div\n\t\t\t\tclass=\"ekit_table_body_container ekit_table_data_ ekit_body_align_left\">\n\t\t\t\t<p>Im Oktober 1999 nahm die Servicestelle von Shanghai CITS im Terminal des internationalen Flughafens Pudong offiziell ihren Betrieb auf.<\/p>\t\t\t<\/div>\n\n\t\t\t\t<\/td>\n\t<tr>\t<td data-order=\"Im Oktober 2000 spendeten Mitarbeitende 30 gro\u00dfe Pakete mit insgesamt 1.844 Kleidungsst\u00fccken f\u00fcr Katastrophengebiete in Yunnan.\"\n\t\tclass=\"elementor-repeater-item-beff699 ekit_table_data_\">\n\t\t\n\t\t\t<div\n\t\t\t\tclass=\"ekit_table_body_container ekit_table_data_ ekit_body_align_left\">\n\t\t\t\t<p>Im Oktober 2000 spendeten Mitarbeitende 30 gro\u00dfe Pakete mit insgesamt 1.844 Kleidungsst\u00fccken f\u00fcr Katastrophengebiete in Yunnan.<\/p>\t\t\t<\/div>\n\n\t\t\t\t<\/td>\n\t<tr>\t<td data-order=\"Im November 2001 wurden 50 Pakete mit insgesamt 2.081 Kleidungsst\u00fccken an betroffene und strukturschwache Regionen in Yunnan und Jiangxi gespendet.\"\n\t\tclass=\"elementor-repeater-item-1feddda ekit_table_data_\">\n\t\t\n\t\t\t<div\n\t\t\t\tclass=\"ekit_table_body_container ekit_table_data_ ekit_body_align_left\">\n\t\t\t\t<p>Im November 2001 wurden 50 Pakete mit insgesamt 2.081 Kleidungsst\u00fccken an betroffene und strukturschwache Regionen in Yunnan und Jiangxi gespendet.<\/p>\t\t\t<\/div>\n\n\t\t\t\t<\/td>\n\t<tr>\t<td data-order=\"Im September 2003 erschien die gemeinsam mit einer Werbeagentur herausgegebene Publikation \u201eNeuer Leitfaden f\u00fcr Auslandsreisen f\u00fcr B\u00fcrger Shanghais 2003\u201c.\"\n\t\tclass=\"elementor-repeater-item-6da0093 ekit_table_data_\">\n\t\t\n\t\t\t<div\n\t\t\t\tclass=\"ekit_table_body_container ekit_table_data_ ekit_body_align_left\">\n\t\t\t\t<p>Im September 2003 erschien die gemeinsam mit einer Werbeagentur herausgegebene Publikation \u201eNeuer Leitfaden f\u00fcr Auslandsreisen f\u00fcr B\u00fcrger Shanghais 2003\u201c.<\/p>\t\t\t<\/div>\n\n\t\t\t\t<\/td>\n\t<tr>\t<td data-order=\"Im Sommer 2012 geriet die Reiseleiterin Hu Rong w\u00e4hrend einer Gruppenreise in Neuseeland in einen Verkehrsunfall. Sie organisierte besonnen die Rettung und half gemeinsam mit Reisenden, mehr als 30 Personen in Sicherheit zu bringen. F\u00fcr ihren Einsatz wurde sie als \u201eBeste Reiseleiterin\u201c gew\u00fcrdigt und unter anderem als \u201eGute B\u00fcrgerin von Shanghai\u201c ausgezeichnet.\"\n\t\tclass=\"elementor-repeater-item-a7f098b ekit_table_data_\">\n\t\t\n\t\t\t<div\n\t\t\t\tclass=\"ekit_table_body_container ekit_table_data_ ekit_body_align_left\">\n\t\t\t\t<p>Im Sommer 2012 geriet die Reiseleiterin Hu Rong w\u00e4hrend einer Gruppenreise in Neuseeland in einen Verkehrsunfall. Sie organisierte besonnen die Rettung und half gemeinsam mit Reisenden, mehr als 30 Personen in Sicherheit zu bringen. F\u00fcr ihren Einsatz wurde sie als \u201eBeste Reiseleiterin\u201c gew\u00fcrdigt und unter anderem als \u201eGute B\u00fcrgerin von Shanghai\u201c ausgezeichnet.<\/p>\t\t\t<\/div>\n\n\t\t\t\t<\/td>\n\t<tr>\t<td data-order=\"Ab M\u00e4rz 2020 entsandte Shanghai CITS zur Unterst\u00fctzung der Pandemiebek\u00e4mpfung 27 Fachkr\u00e4fte mit Japanisch und Italienisch Kenntnissen an die internationalen Flugh\u00e4fen Pudong und Hongqiao. \u00dcber einen Zeitraum von drei Jahren leisteten sie trotz Infektionsrisiken \u00dcbersetzungs- und Unterst\u00fctzungsdienste f\u00fcr einreisende ausl\u00e4ndische Reisende und trugen zur Sicherstellung der internationalen Gesundheitskommunikation bei.\"\n\t\tclass=\"elementor-repeater-item-95dfc77 ekit_table_data_\">\n\t\t\n\t\t\t<div\n\t\t\t\tclass=\"ekit_table_body_container ekit_table_data_ ekit_body_align_left\">\n\t\t\t\t<p>Ab M\u00e4rz 2020 entsandte Shanghai CITS zur Unterst\u00fctzung der Pandemiebek\u00e4mpfung 27 Fachkr\u00e4fte mit Japanisch und Italienisch Kenntnissen an die internationalen Flugh\u00e4fen Pudong und Hongqiao. \u00dcber einen Zeitraum von drei Jahren leisteten sie trotz Infektionsrisiken \u00dcbersetzungs- und Unterst\u00fctzungsdienste f\u00fcr einreisende ausl\u00e4ndische Reisende und trugen zur Sicherstellung der internationalen Gesundheitskommunikation bei.<\/p>\t\t\t<\/div>\n\n\t\t\t\t<\/td>\n\t<tr>\t<td data-order=\"Im April 2022 engagierten sich Parteimitglieder von Shanghai CITS aktiv in ihren Wohnvierteln und unterst\u00fctzten Ma\u00dfnahmen zur Pandemiebek\u00e4mpfung. Sie halfen bei Testungen, Organisation, Verteilung von Hilfsg\u00fctern und Betreuung \u00e4lterer Menschen und beteiligten sich an der Verwaltung von Zugangsbeschr\u00e4nkungen.\"\n\t\tclass=\"elementor-repeater-item-bd7c1eb ekit_table_data_\">\n\t\t\n\t\t\t<div\n\t\t\t\tclass=\"ekit_table_body_container ekit_table_data_ ekit_body_align_left\">\n\t\t\t\t<p>Im April 2022 engagierten sich Parteimitglieder von Shanghai CITS aktiv in ihren Wohnvierteln und unterst\u00fctzten Ma\u00dfnahmen zur Pandemiebek\u00e4mpfung. Sie halfen bei Testungen, Organisation, Verteilung von Hilfsg\u00fctern und Betreuung \u00e4lterer Menschen und beteiligten sich an der Verwaltung von Zugangsbeschr\u00e4nkungen.<\/p>\t\t\t<\/div>\n\n\t\t\t\t<\/td>\n\t<tr>\t<td data-order=\"Seit Oktober 2024 sind 20 mehrsprachige Mitarbeitende von Shanghai CITS in den Servicezentren f\u00fcr ausl\u00e4ndische Reisende an den Flugh\u00e4fen Pudong und Hongqiao im Einsatz. Sie bieten rund um die Uhr Beratung zu Kultur und Tourismus sowie Unterst\u00fctzung bei der Einreise und tragen damit aktiv zur Erholung des Inbound-Marktes und zur Positionierung Shanghais als erste Anlaufstelle f\u00fcr Reisen nach China bei.\"\n\t\tclass=\"elementor-repeater-item-52037af ekit_table_data_\">\n\t\t\n\t\t\t<div\n\t\t\t\tclass=\"ekit_table_body_container ekit_table_data_ ekit_body_align_left\">\n\t\t\t\t<p>Seit Oktober 2024 sind 20 mehrsprachige Mitarbeitende von Shanghai CITS in den Servicezentren f\u00fcr ausl\u00e4ndische Reisende an den Flugh\u00e4fen Pudong und Hongqiao im Einsatz. Sie bieten rund um die Uhr Beratung zu Kultur und Tourismus sowie Unterst\u00fctzung bei der Einreise und tragen damit aktiv zur Erholung des Inbound-Marktes und zur Positionierung Shanghais als erste Anlaufstelle f\u00fcr Reisen nach China bei.<\/p>\t\t\t<\/div>\n\n\t\t\t\t<\/td>\n\t <\/tbody><\/table><\/div>\n\n\n\n<\/div>\t\t\t\t<\/div>\n\t\t\t\t<\/div>\n\t\t\t\t\t<\/div>\n\t\t\t\t<\/div>\n\t\t\t\t<\/div>\n\t\t","protected":false},"excerpt":{"rendered":"<p>Soziales Engagement Shanghai CITS blickt auf eine lange und bewegte Geschichte zur\u00fcck und geh\u00f6rt heute zu den erfahrensten und leistungsst\u00e4rksten Unternehmen der chinesischen Tourismusbranche. Mit umfassender Expertise, einem starken Netzwerk und einem klaren Qualit\u00e4tsanspruch gestaltet das Unternehmen seit vielen Jahren erfolgreich den internationalen Tourismus. Gleichzeitig versteht sich Shanghai CITS nicht nur als wirtschaftlicher Akteur, sondern [&hellip;]<\/p>\n","protected":false},"author":1,"featured_media":0,"parent":0,"menu_order":0,"comment_status":"closed","ping_status":"closed","template":"","meta":{"footnotes":""},"class_list":["post-178","page","type-page","status-publish","hentry"],"_links":{"self":[{"href":"https:\/\/www.scits.com\/de\/wp-json\/wp\/v2\/pages\/178","targetHints":{"allow":["GET"]}}],"collection":[{"href":"https:\/\/www.scits.com\/de\/wp-json\/wp\/v2\/pages"}],"about":[{"href":"https:\/\/www.scits.com\/de\/wp-json\/wp\/v2\/types\/page"}],"author":[{"embeddable":true,"href":"https:\/\/www.scits.com\/de\/wp-json\/wp\/v2\/users\/1"}],"replies":[{"embeddable":true,"href":"https:\/\/www.scits.com\/de\/wp-json\/wp\/v2\/comments?post=178"}],"version-history":[{"count":17,"href":"https:\/\/www.scits.com\/de\/wp-json\/wp\/v2\/pages\/178\/revisions"}],"predecessor-version":[{"id":648,"href":"https:\/\/www.scits.com\/de\/wp-json\/wp\/v2\/pages\/178\/revisions\/648"}],"wp:attachment":[{"href":"https:\/\/www.scits.com\/de\/wp-json\/wp\/v2\/media?parent=178"}],"curies":[{"name":"wp","href":"https:\/\/api.w.org\/{rel}","templated":true}]}}