{"id":63,"date":"2026-02-26T02:13:34","date_gmt":"2026-02-26T02:13:34","guid":{"rendered":"https:\/\/www.scits.com\/de\/?page_id=63"},"modified":"2026-03-30T21:20:48","modified_gmt":"2026-03-30T21:20:48","slug":"unsere-geschichte","status":"publish","type":"page","link":"https:\/\/www.scits.com\/de\/unsere-geschichte\/","title":{"rendered":"Unsere Geschichte"},"content":{"rendered":"\t\t<div data-elementor-type=\"wp-page\" data-elementor-id=\"63\" class=\"elementor elementor-63\" data-elementor-post-type=\"page\">\n\t\t\t\t<div data-ekitparallax=\"{&quot;ekit_section_parallax_bg&quot;:&quot;yes&quot;,&quot;ekit_section_parallax_bg_speed&quot;:&quot;0.7&quot;,&quot;elementor_lazy_load&quot;:&quot;1&quot;}\" class=\"elementor-element elementor-element-211f3eb e-flex e-con-boxed e-con e-parent\" data-id=\"211f3eb\" data-element_type=\"container\" data-e-type=\"container\" data-settings=\"{&quot;background_background&quot;:&quot;classic&quot;,&quot;ekit_has_onepagescroll_dot&quot;:&quot;yes&quot;}\">\n\t\t\t\t\t<div class=\"e-con-inner\">\n\t\t\t\t<div class=\"elementor-element elementor-element-256854e elementor-widget elementor-widget-elementskit-heading\" data-id=\"256854e\" data-element_type=\"widget\" data-e-type=\"widget\" data-settings=\"{&quot;ekit_we_effect_on&quot;:&quot;none&quot;}\" data-widget_type=\"elementskit-heading.default\">\n\t\t\t\t\t<div class=\"ekit-wid-con\" ><div class=\"ekit-heading elementskit-section-title-wraper text_left   ekit_heading_tablet-   ekit_heading_mobile-\"><h2 class=\"ekit-heading--title elementskit-section-title \">Unsere Geschichte<\/h2><\/div><\/div>\t\t\t\t<\/div>\n\t\t\t\t\t<\/div>\n\t\t\t\t<\/div>\n\t\t<div class=\"elementor-element elementor-element-b4566ac e-flex e-con-boxed e-con e-parent\" data-id=\"b4566ac\" data-element_type=\"container\" data-e-type=\"container\" data-settings=\"{&quot;background_background&quot;:&quot;classic&quot;,&quot;ekit_has_onepagescroll_dot&quot;:&quot;yes&quot;}\">\n\t\t\t\t\t<div class=\"e-con-inner\">\n\t\t<div class=\"elementor-element elementor-element-3c57a2a e-con-full e-flex e-con e-child\" data-id=\"3c57a2a\" data-element_type=\"container\" data-e-type=\"container\" data-settings=\"{&quot;ekit_has_onepagescroll_dot&quot;:&quot;yes&quot;}\">\n\t\t\t\t<div class=\"elementor-element elementor-element-1a3aaf2 elementor-widget elementor-widget-elementskit-heading\" data-id=\"1a3aaf2\" data-element_type=\"widget\" data-e-type=\"widget\" data-settings=\"{&quot;ekit_we_effect_on&quot;:&quot;none&quot;}\" data-widget_type=\"elementskit-heading.default\">\n\t\t\t\t\t<div class=\"ekit-wid-con\" ><div class=\"ekit-heading elementskit-section-title-wraper text_left   ekit_heading_tablet-   ekit_heading_mobile-\">\t\t\t\t<div class='ekit-heading__description'>\n\t\t\t\t\t<p>Seit unserer Gr\u00fcndung im Jahr 1954 verbinden wir \u00fcber sieben Jahrzehnte Erfahrung mit den Anforderungen des modernen Reisens. Tradition und gewachsene Kompetenz vereinen wir mit Professionalit\u00e4t, um erstklassige Reisedienstleistungen anzubieten.<\/p>\n\t\t\t\t<\/div>\n\t\t\t<\/div><\/div>\t\t\t\t<\/div>\n\t\t\t\t<\/div>\n\t\t\t\t\t<\/div>\n\t\t\t\t<\/div>\n\t\t<div class=\"elementor-element elementor-element-fe40240 e-flex e-con-boxed e-con e-parent\" data-id=\"fe40240\" data-element_type=\"container\" data-e-type=\"container\" data-settings=\"{&quot;background_background&quot;:&quot;classic&quot;,&quot;ekit_has_onepagescroll_dot&quot;:&quot;yes&quot;}\">\n\t\t\t\t\t<div class=\"e-con-inner\">\n\t\t<div class=\"elementor-element elementor-element-90f5a75 e-con-full e-flex elementor-invisible e-con e-child\" data-id=\"90f5a75\" data-element_type=\"container\" data-e-type=\"container\" data-settings=\"{&quot;animation&quot;:&quot;fadeInLeft&quot;,&quot;ekit_has_onepagescroll_dot&quot;:&quot;yes&quot;}\">\n\t\t\t\t<div class=\"elementor-element elementor-element-8f81be9 elementor-widget elementor-widget-elementskit-heading\" data-id=\"8f81be9\" data-element_type=\"widget\" data-e-type=\"widget\" data-settings=\"{&quot;ekit_we_effect_on&quot;:&quot;none&quot;}\" data-widget_type=\"elementskit-heading.default\">\n\t\t\t\t\t<div class=\"ekit-wid-con\" ><div class=\"ekit-heading elementskit-section-title-wraper text_left   ekit_heading_tablet-   ekit_heading_mobile-\"><h3 class=\"elementskit-section-subtitle  \">\n\t\t\t\t\t\t1954 bis 1966\n\t\t\t\t\t<\/h3><h2 class=\"ekit-heading--title elementskit-section-title \">Grundsteinlegung und erste Schritte<\/h2><\/div><\/div>\t\t\t\t<\/div>\n\t\t\t\t<div class=\"elementor-element elementor-element-707cb8a elementor-widget__width-initial elementor-widget elementor-widget-elementskit-heading\" data-id=\"707cb8a\" data-element_type=\"widget\" data-e-type=\"widget\" data-settings=\"{&quot;ekit_we_effect_on&quot;:&quot;none&quot;}\" data-widget_type=\"elementskit-heading.default\">\n\t\t\t\t\t<div class=\"ekit-wid-con\" ><div class=\"ekit-heading elementskit-section-title-wraper    ekit_heading_tablet-   ekit_heading_mobile-\">\t\t\t\t<div class='ekit-heading__description'>\n\t\t\t\t\t<p>Am 27. Juli 1954 genehmigte die Stadtregierung von Shanghai die Gr\u00fcndung der Shanghai-Niederlassung des China International Travel Service, die am 2. August desselben Jahres offiziell er\u00f6ffnet wurde. Sie geh\u00f6rte damit zu den ersten Reiseagenturen, die nach der Gr\u00fcndung der Volksrepublik China eingerichtet wurden. In der Anfangsphase bestand die Hauptaufgabe darin, von staatlichen Stellen eingeladene ausl\u00e4ndische G\u00e4ste zu betreuen.<\/p>\n<p>Mit Verbesserung der wirtschaftlichen Situation und der Entwicklung der au\u00dfenpolitischen Beziehungen ver\u00e4nderte sich Mitte der 1960er Jahre auch die Struktur der Herkunftsl\u00e4nder deutlich. G\u00e4ste aus Japan, Frankreich und der Bundesrepublik Deutschland machten nun rund 86 Prozent aus. Im Jahr 1965 betreute Shanghai CITS bereits etwa 5.800 Besucher, gleichzeitig stieg die Zahl der Besch\u00e4ftigten auf \u00fcber einhundert.<\/p>\n\t\t\t\t<\/div>\n\t\t\t<\/div><\/div>\t\t\t\t<\/div>\n\t\t\t\t<\/div>\n\t\t<div class=\"elementor-element elementor-element-3385a4a e-con-full e-flex elementor-invisible e-con e-child\" data-id=\"3385a4a\" data-element_type=\"container\" data-e-type=\"container\" data-settings=\"{&quot;animation&quot;:&quot;fadeInRight&quot;,&quot;ekit_has_onepagescroll_dot&quot;:&quot;yes&quot;}\">\n\t\t\t\t<div class=\"elementor-element elementor-element-8afc561 elementor-widget elementor-widget-image\" data-id=\"8afc561\" data-element_type=\"widget\" data-e-type=\"widget\" data-settings=\"{&quot;ekit_we_effect_on&quot;:&quot;none&quot;}\" data-widget_type=\"image.default\">\n\t\t\t\t\t\t\t\t\t\t\t\t<figure class=\"wp-caption\">\n\t\t\t\t\t\t\t\t\t\t<img fetchpriority=\"high\" decoding=\"async\" width=\"800\" height=\"640\" src=\"https:\/\/www.scits.com\/de\/wp-content\/uploads\/sites\/3\/2026\/02\/SCITS_Foto_7-1024x819.jpg\" class=\"attachment-large size-large wp-image-42\" alt=\"\" srcset=\"https:\/\/www.scits.com\/de\/wp-content\/uploads\/sites\/3\/2026\/02\/SCITS_Foto_7-1024x819.jpg 1024w, https:\/\/www.scits.com\/de\/wp-content\/uploads\/sites\/3\/2026\/02\/SCITS_Foto_7-300x240.jpg 300w, https:\/\/www.scits.com\/de\/wp-content\/uploads\/sites\/3\/2026\/02\/SCITS_Foto_7-768x614.jpg 768w, https:\/\/www.scits.com\/de\/wp-content\/uploads\/sites\/3\/2026\/02\/SCITS_Foto_7.jpg 1350w\" sizes=\"(max-width: 800px) 100vw, 800px\" \/>\t\t\t\t\t\t\t\t\t\t\t<figcaption class=\"widget-image-caption wp-caption-text\">1973: Besuch der Japanischen Freundschaftsdelegation in China auf dem Land<\/figcaption>\n\t\t\t\t\t\t\t\t\t\t<\/figure>\n\t\t\t\t\t\t\t\t\t<\/div>\n\t\t\t\t<\/div>\n\t\t\t\t\t<\/div>\n\t\t\t\t<\/div>\n\t\t<div class=\"elementor-element elementor-element-b69862a e-flex e-con-boxed e-con e-parent\" data-id=\"b69862a\" data-element_type=\"container\" data-e-type=\"container\" data-settings=\"{&quot;background_background&quot;:&quot;classic&quot;,&quot;ekit_has_onepagescroll_dot&quot;:&quot;yes&quot;}\">\n\t\t\t\t\t<div class=\"e-con-inner\">\n\t\t<div class=\"elementor-element elementor-element-dd2bb0b e-con-full e-flex elementor-invisible e-con e-child\" data-id=\"dd2bb0b\" data-element_type=\"container\" data-e-type=\"container\" data-settings=\"{&quot;animation&quot;:&quot;fadeInLeft&quot;,&quot;ekit_has_onepagescroll_dot&quot;:&quot;yes&quot;}\">\n\t\t\t\t<div class=\"elementor-element elementor-element-78f45ae elementor-widget elementor-widget-image\" data-id=\"78f45ae\" data-element_type=\"widget\" data-e-type=\"widget\" data-settings=\"{&quot;ekit_we_effect_on&quot;:&quot;none&quot;}\" data-widget_type=\"image.default\">\n\t\t\t\t\t\t\t\t\t\t\t\t<figure class=\"wp-caption\">\n\t\t\t\t\t\t\t\t\t\t<img decoding=\"async\" width=\"800\" height=\"508\" src=\"https:\/\/www.scits.com\/de\/wp-content\/uploads\/sites\/3\/2026\/02\/1-1024x650.jpg\" class=\"attachment-large size-large wp-image-71\" alt=\"\" srcset=\"https:\/\/www.scits.com\/de\/wp-content\/uploads\/sites\/3\/2026\/02\/1-1024x650.jpg 1024w, https:\/\/www.scits.com\/de\/wp-content\/uploads\/sites\/3\/2026\/02\/1-300x190.jpg 300w, https:\/\/www.scits.com\/de\/wp-content\/uploads\/sites\/3\/2026\/02\/1-768x487.jpg 768w, https:\/\/www.scits.com\/de\/wp-content\/uploads\/sites\/3\/2026\/02\/1-1536x975.jpg 1536w, https:\/\/www.scits.com\/de\/wp-content\/uploads\/sites\/3\/2026\/02\/1.jpg 2000w\" sizes=\"(max-width: 800px) 100vw, 800px\" \/>\t\t\t\t\t\t\t\t\t\t\t<figcaption class=\"widget-image-caption wp-caption-text\">1973: Erstes von Shanghai CITS betreutes internationales Kreuzfahrtschiff: das japanische Freundschaftsschiff \u201eOcean University\u201c<\/figcaption>\n\t\t\t\t\t\t\t\t\t\t<\/figure>\n\t\t\t\t\t\t\t\t\t<\/div>\n\t\t\t\t<\/div>\n\t\t<div class=\"elementor-element elementor-element-ff36ab2 e-con-full e-flex elementor-invisible e-con e-child\" data-id=\"ff36ab2\" data-element_type=\"container\" data-e-type=\"container\" data-settings=\"{&quot;animation&quot;:&quot;fadeInRight&quot;,&quot;ekit_has_onepagescroll_dot&quot;:&quot;yes&quot;}\">\n\t\t\t\t<div class=\"elementor-element elementor-element-696d934 elementor-widget elementor-widget-elementskit-heading\" data-id=\"696d934\" data-element_type=\"widget\" data-e-type=\"widget\" data-settings=\"{&quot;ekit_we_effect_on&quot;:&quot;none&quot;}\" data-widget_type=\"elementskit-heading.default\">\n\t\t\t\t\t<div class=\"ekit-wid-con\" ><div class=\"ekit-heading elementskit-section-title-wraper text_left   ekit_heading_tablet-   ekit_heading_mobile-\"><h3 class=\"elementskit-section-subtitle  \">\n\t\t\t\t\t\t1966 bis 1976\n\t\t\t\t\t<\/h3><h2 class=\"ekit-heading--title elementskit-section-title \">R\u00fcckschl\u00e4ge und Standhaftigkeit <\/h2><\/div><\/div>\t\t\t\t<\/div>\n\t\t\t\t<div class=\"elementor-element elementor-element-bc716ce elementor-widget__width-initial elementor-widget elementor-widget-elementskit-heading\" data-id=\"bc716ce\" data-element_type=\"widget\" data-e-type=\"widget\" data-settings=\"{&quot;ekit_we_effect_on&quot;:&quot;none&quot;}\" data-widget_type=\"elementskit-heading.default\">\n\t\t\t\t\t<div class=\"ekit-wid-con\" ><div class=\"ekit-heading elementskit-section-title-wraper    ekit_heading_tablet-   ekit_heading_mobile-\">\t\t\t\t<div class='ekit-heading__description'>\n\t\t\t\t\t<p>In dieser historischen Phase war auch Shanghai CITS von den politischen und gesellschaftlichen Ver\u00e4nderungen der Zeit betroffen. 1969 sank die Zahl der betreuten G\u00e4ste auf 483 und lag damit nur noch bei rund 8 Prozent des Niveaus von 1965. Mit der Ann\u00e4herung zwischen China und den Vereinigten Staaten sowie der Normalisierung der diplomatischen Beziehungen zwischen China und Japan zeichnete sich jedoch eine allm\u00e4hliche Erholung des internationalen Tourismus ab. Die Vereinigten Staaten entwickelten sich rasch zur zweitgr\u00f6\u00dften Herkunftsnation nach Japan.<\/p>\n<p>Auch in dieser Zeit setzte Shanghai CITS seine Arbeit im internationalen Reiseverkehr fort und blieb ein wichtiger Ansprechpartner f\u00fcr ausl\u00e4ndische Besucher in China.<\/p>\n\t\t\t\t<\/div>\n\t\t\t<\/div><\/div>\t\t\t\t<\/div>\n\t\t\t\t<\/div>\n\t\t\t\t\t<\/div>\n\t\t\t\t<\/div>\n\t\t<div class=\"elementor-element elementor-element-592ce81 e-flex e-con-boxed e-con e-parent\" data-id=\"592ce81\" data-element_type=\"container\" data-e-type=\"container\" data-settings=\"{&quot;background_background&quot;:&quot;classic&quot;,&quot;ekit_has_onepagescroll_dot&quot;:&quot;yes&quot;}\">\n\t\t\t\t\t<div class=\"e-con-inner\">\n\t\t<div class=\"elementor-element elementor-element-93605b6 e-con-full e-flex elementor-invisible e-con e-child\" data-id=\"93605b6\" data-element_type=\"container\" data-e-type=\"container\" data-settings=\"{&quot;animation&quot;:&quot;fadeInLeft&quot;,&quot;ekit_has_onepagescroll_dot&quot;:&quot;yes&quot;}\">\n\t\t\t\t<div class=\"elementor-element elementor-element-227e5f6 elementor-widget elementor-widget-elementskit-heading\" data-id=\"227e5f6\" data-element_type=\"widget\" data-e-type=\"widget\" data-settings=\"{&quot;ekit_we_effect_on&quot;:&quot;none&quot;}\" data-widget_type=\"elementskit-heading.default\">\n\t\t\t\t\t<div class=\"ekit-wid-con\" ><div class=\"ekit-heading elementskit-section-title-wraper text_left   ekit_heading_tablet-   ekit_heading_mobile-\"><h3 class=\"elementskit-section-subtitle  \">\n\t\t\t\t\t\tseit dem Ende der 1970er Jahre\n\t\t\t\t\t<\/h3><h2 class=\"ekit-heading--title elementskit-section-title \">Erneuerung und Wachstum <\/h2><\/div><\/div>\t\t\t\t<\/div>\n\t\t\t\t<div class=\"elementor-element elementor-element-ffcde87 elementor-widget__width-initial elementor-widget elementor-widget-elementskit-heading\" data-id=\"ffcde87\" data-element_type=\"widget\" data-e-type=\"widget\" data-settings=\"{&quot;ekit_we_effect_on&quot;:&quot;none&quot;}\" data-widget_type=\"elementskit-heading.default\">\n\t\t\t\t\t<div class=\"ekit-wid-con\" ><div class=\"ekit-heading elementskit-section-title-wraper    ekit_heading_tablet-   ekit_heading_mobile-\">\t\t\t\t<div class='ekit-heading__description'>\n\t\t\t\t\t<p>Im Zuge der Reform- und \u00d6ffnungspolitik begann f\u00fcr Shanghai CITS eine Phase dynamischen Wachstums. 1979 besch\u00e4ftigte das Unternehmen bereits mehr als 600 Mitarbeiter, darunter Fremdsprachenreiseleiter f\u00fcr insgesamt 22 Sprachen. 1980 wurde die Einrichtung von einer \u00f6ffentlichen Institution in ein Unternehmen umgewandelt. 1987 f\u00fchrte Shanghai CITS als eines der ersten Unternehmen der Branche ein System der Generaldirektorverantwortung sowie ein vertraglich geregeltes Betriebsf\u00fchrungssystem ein und entwickelte sich schrittweise zu einem eigenst\u00e4ndig am Markt agierenden Unternehmen.<\/p>\n<p>Auch die Zahl der betreuten G\u00e4ste nahm deutlich zu. Sie stieg von rund 18.000 im Jahr 1976 auf etwa 275.000 im Jahr 1987. Gleichzeitig begann Shanghai CITS, eigene internationale Vertriebsaktivit\u00e4ten aufzubauen und entwickelte sich von einer reinen Empfangsorganisation zu einem Unternehmen, das sowohl internationale G\u00e4ste betreut als auch aktiv neue M\u00e4rkte erschlie\u00dft.<\/p>\n\t\t\t\t<\/div>\n\t\t\t<\/div><\/div>\t\t\t\t<\/div>\n\t\t\t\t<\/div>\n\t\t<div class=\"elementor-element elementor-element-29ff94a e-con-full e-flex elementor-invisible e-con e-child\" data-id=\"29ff94a\" data-element_type=\"container\" data-e-type=\"container\" data-settings=\"{&quot;animation&quot;:&quot;fadeInRight&quot;,&quot;ekit_has_onepagescroll_dot&quot;:&quot;yes&quot;}\">\n\t\t\t\t<div class=\"elementor-element elementor-element-ec5cf93 elementor-widget elementor-widget-image\" data-id=\"ec5cf93\" data-element_type=\"widget\" data-e-type=\"widget\" data-settings=\"{&quot;ekit_we_effect_on&quot;:&quot;none&quot;}\" data-widget_type=\"image.default\">\n\t\t\t\t\t\t\t\t\t\t\t\t<figure class=\"wp-caption\">\n\t\t\t\t\t\t\t\t\t\t<img decoding=\"async\" width=\"800\" height=\"640\" src=\"https:\/\/www.scits.com\/de\/wp-content\/uploads\/sites\/3\/2026\/03\/SCITS_Foto_22-1024x819.jpg\" class=\"attachment-large size-large wp-image-375\" alt=\"\" srcset=\"https:\/\/www.scits.com\/de\/wp-content\/uploads\/sites\/3\/2026\/03\/SCITS_Foto_22-1024x819.jpg 1024w, https:\/\/www.scits.com\/de\/wp-content\/uploads\/sites\/3\/2026\/03\/SCITS_Foto_22-300x240.jpg 300w, https:\/\/www.scits.com\/de\/wp-content\/uploads\/sites\/3\/2026\/03\/SCITS_Foto_22-768x614.jpg 768w, https:\/\/www.scits.com\/de\/wp-content\/uploads\/sites\/3\/2026\/03\/SCITS_Foto_22.jpg 1350w\" sizes=\"(max-width: 800px) 100vw, 800px\" \/>\t\t\t\t\t\t\t\t\t\t\t<figcaption class=\"widget-image-caption wp-caption-text\"><\/figcaption>\n\t\t\t\t\t\t\t\t\t\t<\/figure>\n\t\t\t\t\t\t\t\t\t<\/div>\n\t\t\t\t<\/div>\n\t\t\t\t\t<\/div>\n\t\t\t\t<\/div>\n\t\t<div class=\"elementor-element elementor-element-698047f e-flex e-con-boxed e-con e-parent\" data-id=\"698047f\" data-element_type=\"container\" data-e-type=\"container\" data-settings=\"{&quot;background_background&quot;:&quot;classic&quot;,&quot;ekit_has_onepagescroll_dot&quot;:&quot;yes&quot;}\">\n\t\t\t\t\t<div class=\"e-con-inner\">\n\t\t<div class=\"elementor-element elementor-element-6575b2b e-con-full e-flex elementor-invisible e-con e-child\" data-id=\"6575b2b\" data-element_type=\"container\" data-e-type=\"container\" data-settings=\"{&quot;animation&quot;:&quot;fadeInUp&quot;,&quot;ekit_has_onepagescroll_dot&quot;:&quot;yes&quot;}\">\n\t\t\t\t<div class=\"elementor-element elementor-element-fc191b9 elementor-widget elementor-widget-image\" data-id=\"fc191b9\" data-element_type=\"widget\" data-e-type=\"widget\" data-settings=\"{&quot;ekit_we_effect_on&quot;:&quot;none&quot;}\" data-widget_type=\"image.default\">\n\t\t\t\t\t\t\t\t\t\t\t\t<figure class=\"wp-caption\">\n\t\t\t\t\t\t\t\t\t\t<img loading=\"lazy\" decoding=\"async\" width=\"800\" height=\"606\" src=\"https:\/\/www.scits.com\/de\/wp-content\/uploads\/sites\/3\/2026\/02\/SCITS_Foto_20-1-1024x776.jpg\" class=\"attachment-large size-large wp-image-73\" alt=\"\" srcset=\"https:\/\/www.scits.com\/de\/wp-content\/uploads\/sites\/3\/2026\/02\/SCITS_Foto_20-1-1024x776.jpg 1024w, https:\/\/www.scits.com\/de\/wp-content\/uploads\/sites\/3\/2026\/02\/SCITS_Foto_20-1-300x227.jpg 300w, https:\/\/www.scits.com\/de\/wp-content\/uploads\/sites\/3\/2026\/02\/SCITS_Foto_20-1-768x582.jpg 768w, https:\/\/www.scits.com\/de\/wp-content\/uploads\/sites\/3\/2026\/02\/SCITS_Foto_20-1-1536x1165.jpg 1536w, https:\/\/www.scits.com\/de\/wp-content\/uploads\/sites\/3\/2026\/02\/SCITS_Foto_20-1.jpg 1688w\" sizes=\"(max-width: 800px) 100vw, 800px\" \/>\t\t\t\t\t\t\t\t\t\t\t<figcaption class=\"widget-image-caption wp-caption-text\">1989: Der damalige B\u00fcrgermeister von Shanghai Zhu Rongji (rechts im Bild) empf\u00e4ngt den von Shanghai CITS betreuten japanischen Freund Okazaki Kaheita<\/figcaption>\n\t\t\t\t\t\t\t\t\t\t<\/figure>\n\t\t\t\t\t\t\t\t\t<\/div>\n\t\t\t\t<div class=\"elementor-element elementor-element-3f1acd4 elementor-widget elementor-widget-text-editor\" data-id=\"3f1acd4\" data-element_type=\"widget\" data-e-type=\"widget\" data-settings=\"{&quot;ekit_we_effect_on&quot;:&quot;none&quot;}\" data-widget_type=\"text-editor.default\">\n\t\t\t\t\t\t\t\t\t<p>1992 wurde der Shanghai China International Travel Service offiziell in Shanghai CITS umbenannt und als Reiseagentur der Kategorie I eingestuft. Zwei Jahre sp\u00e4ter, 1994, formulierte Jiang Zemin das Leitwort \u201eTourismus entwickeln, Freundschaft f\u00f6rdern, der Gesellschaft dienen und die Wirtschaft beleben\u201c. Im selben Jahr wurde das Unternehmen an der B\u00f6rse notiert und geh\u00f6rte damit zu den fr\u00fchen b\u00f6rsennotierten Unternehmen der chinesischen Tourismusbranche. 2003 wurde die Jin Jiang International Group Mehrheitsaktion\u00e4r. Mit der Jin Jiang International Group als Mehrheitsaktion\u00e4r wurde Shanghai CITS Teil eines starken Tourismuskonzerns, wodurch sich zus\u00e4tzliche Entwicklungsm\u00f6glichkeiten f\u00fcr die Marke ergaben. Im Juni 2004 entstand im Zuge einer Umstrukturierung der b\u00f6rsennotierten Gesellschaft die Shanghai CITS International Travel Service Co., Ltd., die die Marke CITS fortf\u00fchrte und sich auf Inbound- und Outbound-Tourismus konzentrierte.<\/p><p>Im 21. Jahrhundert z\u00e4hlt Shanghai CITS kontinuierlich zu den f\u00fchrenden Reiseunternehmen unter den landesweiten Top 100. 2011 wurde das Unternehmen als einziges Reiseunternehmen mit dem Titel \u201eChinesische Traditionsmarke\u201c ausgezeichnet, 2018 folgte eine W\u00fcrdigung als herausragendes chinesisches Inbound-Tourismusunternehmen. Seit 2024 liegt die Erholungsrate im Inbound-Tourismus kontinuierlich \u00fcber dem nationalen Durchschnitt und unterstreicht die Stabilit\u00e4t und Leistungsf\u00e4higkeit des Unternehmens.<\/p><p>Mehr als sieben Jahrzehnte Unternehmensgeschichte spiegeln zugleich die Entwicklung des chinesischen Tourismus wider. Von den Anf\u00e4ngen als Organisation f\u00fcr den Empfang internationaler G\u00e4ste bis hin zu einem marktorientierten, b\u00f6rsennotierten Unternehmen hat sich Shanghai CITS stetig weiterentwickelt. Dabei hat das Unternehmen nicht nur die Entwicklung der Branche begleitet, sondern mit seiner Erfahrung und seinem internationalen Netzwerk aktiv mitgestaltet. Der Anspruch, internationale Begegnungen zu f\u00f6rdern, gesellschaftliche Verantwortung zu \u00fcbernehmen und wirtschaftliche Impulse zu setzen, pr\u00e4gt das Unternehmen bis heute.<\/p>\t\t\t\t\t\t\t\t<\/div>\n\t\t\t\t<\/div>\n\t\t\t\t\t<\/div>\n\t\t\t\t<\/div>\n\t\t\t\t<\/div>\n\t\t","protected":false},"excerpt":{"rendered":"<p>Unsere Geschichte Seit unserer Gr\u00fcndung im Jahr 1954 verbinden wir \u00fcber sieben Jahrzehnte Erfahrung mit den Anforderungen des modernen Reisens. Tradition und gewachsene Kompetenz vereinen wir mit Professionalit\u00e4t, um erstklassige Reisedienstleistungen anzubieten. 1954 bis 1966 Grundsteinlegung und erste Schritte Am 27. Juli 1954 genehmigte die Stadtregierung von Shanghai die Gr\u00fcndung der Shanghai-Niederlassung des China International [&hellip;]<\/p>\n","protected":false},"author":1,"featured_media":0,"parent":0,"menu_order":0,"comment_status":"closed","ping_status":"closed","template":"","meta":{"footnotes":""},"class_list":["post-63","page","type-page","status-publish","hentry"],"_links":{"self":[{"href":"https:\/\/www.scits.com\/de\/wp-json\/wp\/v2\/pages\/63","targetHints":{"allow":["GET"]}}],"collection":[{"href":"https:\/\/www.scits.com\/de\/wp-json\/wp\/v2\/pages"}],"about":[{"href":"https:\/\/www.scits.com\/de\/wp-json\/wp\/v2\/types\/page"}],"author":[{"embeddable":true,"href":"https:\/\/www.scits.com\/de\/wp-json\/wp\/v2\/users\/1"}],"replies":[{"embeddable":true,"href":"https:\/\/www.scits.com\/de\/wp-json\/wp\/v2\/comments?post=63"}],"version-history":[{"count":34,"href":"https:\/\/www.scits.com\/de\/wp-json\/wp\/v2\/pages\/63\/revisions"}],"predecessor-version":[{"id":693,"href":"https:\/\/www.scits.com\/de\/wp-json\/wp\/v2\/pages\/63\/revisions\/693"}],"wp:attachment":[{"href":"https:\/\/www.scits.com\/de\/wp-json\/wp\/v2\/media?parent=63"}],"curies":[{"name":"wp","href":"https:\/\/api.w.org\/{rel}","templated":true}]}}